{"id":6730,"date":"2025-11-24T15:21:08","date_gmt":"2025-11-24T15:21:08","guid":{"rendered":"https:\/\/gbsgroup.net\/?page_id=6730"},"modified":"2025-12-02T01:11:05","modified_gmt":"2025-12-02T01:11:05","slug":"cierre-de-ano-contable-lo-que-necesitas-saber","status":"publish","type":"page","link":"https:\/\/gbsgroup.net\/es\/cierre-de-ano-contable-lo-que-necesitas-saber\/","title":{"rendered":"Cierre de A\u00f1o Fiscal &#8211; Lo que necesitas saber para Ahorrar Impuestos en 2026"},"content":{"rendered":"<div class=\"gb-container gb-container-a683b2f0\">\n\n<p class=\"has-gbs-green-color has-text-color has-link-color wp-elements-5295ae0d1c15f0203f07f62c62d9c634\"><strong>Webinar exclusivo<\/strong><\/p>\n\n\n\n<h2 class=\"wp-block-heading\" style=\"font-size:26px;font-style:normal;font-weight:700;letter-spacing:px\"><em><em>Cierre de A\u00f1o Fiscal &#8211; Lo que necesitas saber<\/em><\/em> para Ahorrar Impuestos en 2026<\/h2>\n\n\n\n<p class=\"has-contrast-color has-text-color has-link-color wp-elements-92e137e07614bb82f73d5d205504d5e2\" style=\"font-size:14px\"><strong>Fecha:<\/strong> Mi\u00e9rcoles 03 de Diciembre de 2025<\/p>\n\n\n\n<p class=\"has-contrast-color has-text-color has-link-color wp-elements-713b4bb43f72aa361ca70f03737a5e41\" style=\"font-size:14px\"><strong>Hora: <\/strong>4 PM Hora del Este \/ 3 PM Hora Central<\/p>\n\n\n\n<p class=\"has-contrast-color has-text-color has-link-color wp-elements-cefad16aa18748af56c760e6699785dd\" style=\"font-size:14px\">El cierre de a\u00f1o fiscal es la <strong>oportunidad clave<\/strong> para evaluar el desempe\u00f1o financiero, planificar el futuro y, lo m\u00e1s importante, <strong>optimizar su carga fiscal<\/strong>.<\/p>\n\n\n\n<p class=\"has-contrast-color has-text-color has-link-color wp-elements-d0dbe9364173c93ca1926f42823b8e3c\" style=\"font-size:14px\"><strong>Reg\u00edstrate llenando el formulario debajo:<\/strong><\/p>\n\n\n<div class=\"gb-container gb-container-8bab3291\">\n\n<div class=\"wp-block-leadin-hubspot-form-block\">\n\t\t\t\t\t\t<script>\n\t\t\t\t\t\t\twindow.hsFormsOnReady = window.hsFormsOnReady || [];\n\t\t\t\t\t\t\twindow.hsFormsOnReady.push(()=>{\n\t\t\t\t\t\t\t\thbspt.forms.create({\n\t\t\t\t\t\t\t\t\tportalId: 8238203,\n\t\t\t\t\t\t\t\t\tformId: \"ddf42933-32c5-4c19-8c83-6b1370549b1c\",\n\t\t\t\t\t\t\t\t\ttarget: \"#hbspt-form-1776616877000-6503625148\",\n\t\t\t\t\t\t\t\t\tregion: \"na1\",\n\t\t\t\t\t\t\t\t\t\n\t\t\t\t\t\t\t})});\n\t\t\t\t\t\t<\/script>\n\t\t\t\t\t\t<div class=\"hbspt-form\" id=\"hbspt-form-1776616877000-6503625148\"><\/div><\/div>\n\n<\/div>\n\n\n<div style=\"height:0px\" aria-hidden=\"true\" class=\"wp-block-spacer\"><\/div>\n\n\n\n<div class=\"wp-block-columns is-layout-flex wp-container-core-columns-is-layout-9d6595d7 wp-block-columns-is-layout-flex\">\n<div class=\"wp-block-column is-layout-flow wp-block-column-is-layout-flow\">\n<p class=\"has-dark-blue-color has-text-color has-link-color wp-elements-3e502b19d6704acc63e6d21b683b8df5\" style=\"font-size:14px\">\ud83d\udd0d <strong><strong>Lo que aprender\u00e1s en este webinar:<\/strong><\/strong><\/p>\n\n\n\n<p class=\"has-contrast-color has-text-color has-link-color wp-elements-52d45c886d7af7e041c70a6e6b6b3d9e\" style=\"font-size:14px\">\u2705<strong>Maximizar Deducciones y Ahorros:<\/strong> Identifique gastos, revise provisiones, y aproveche al m\u00e1ximo las deducciones fiscales disponibles para su tipo de negocio.<br>\u2705 <strong>Gesti\u00f3n de Activos e Inversiones:<\/strong> Conozca c\u00f3mo el diferimiento de ingresos y las inversiones de fin de a\u00f1o pueden reducir su base imponible. Exploraremos a fondo la Secci\u00f3n 179 para deducir el costo total de activos elegibles, y c\u00f3mo las contribuciones a cuentas de retiro (401K\/SEP IRA) le ayudan a diferir impuestos.<br>\u2705 <strong>Optimizaci\u00f3n de Estructura:<\/strong> Analice si su estructura de negocio es la m\u00e1s eficiente, considerando la opci\u00f3n de que una LLC sea tratada fiscalmente como una S Corporation para ahorrar miles de d\u00f3lares en impuesto al empleo por cuenta propia (Self-Employment Tax).<br>\u2705 <strong>Planificaci\u00f3n Proactiva: <\/strong>Le daremos consejos para un cierre m\u00e1s eficiente, como mantener sus registros contables organizados y al d\u00eda, revisar sus pagos de impuestos estimados, y establecer proyecciones y estrategias fiscales a largo plazo para el pr\u00f3ximo a\u00f1o.<\/p>\n<\/div>\n\n\n\n<div class=\"wp-block-column is-layout-flow wp-block-column-is-layout-flow\">\n<p class=\"has-contrast-color has-text-color has-link-color wp-elements-999753a5548a060093d48218a63f8281\" style=\"font-size:14px\"><strong>\ud83d\udccc \u00bfA qui\u00e9n est\u00e1 dirigido<\/strong><br><br>\u2714\ufe0f Due\u00f1os de empresas y emprendedores con operaciones en EE.UU. o planes de expansi\u00f3n.<br>\u2714\ufe0f Propietarios de LLC, S-Corp u otras estructuras pass-through.<br>\u2714\ufe0f Negocios que buscan <strong>reducir su carga fiscal y reinvertir en crecimiento<\/strong>.<br>\u2714\ufe0f Empresas que quieren adelantarse a los <strong>cambios fiscales de 2026<\/strong><\/p>\n<\/div>\n<\/div>\n\n<\/div>\n\n\n<div class=\"wp-block-group is-nowrap is-layout-flex wp-container-core-group-is-layout-ad2f72ca wp-block-group-is-layout-flex\"><div class=\"gb-container gb-container-849b86d0\">\n\n<p class=\"has-contrast-color has-text-color has-link-color wp-elements-6666600170ff330c43f604a53be985cb\"><strong>Presentado por:<\/strong><\/p>\n\n\n<div class=\"gb-container gb-container-f0d9a2ad\">\n\n<figure class=\"gb-block-image gb-block-image-9e95ea05\"><img loading=\"lazy\" decoding=\"async\" width=\"1080\" height=\"1620\" class=\"gb-image gb-image-9e95ea05\" src=\"https:\/\/gbsgroup.net\/wp-content\/uploads\/2024\/09\/GBS-3-scaled-1.webp\" alt=\"\" title=\"GBS-3-scaled\" srcset=\"https:\/\/gbsgroup.net\/wp-content\/uploads\/2024\/09\/GBS-3-scaled-1.webp 1080w, https:\/\/gbsgroup.net\/wp-content\/uploads\/2024\/09\/GBS-3-scaled-1-200x300.webp 200w, https:\/\/gbsgroup.net\/wp-content\/uploads\/2024\/09\/GBS-3-scaled-1-683x1024.webp 683w, https:\/\/gbsgroup.net\/wp-content\/uploads\/2024\/09\/GBS-3-scaled-1-768x1152.webp 768w, https:\/\/gbsgroup.net\/wp-content\/uploads\/2024\/09\/GBS-3-scaled-1-1024x1536.webp 1024w\" sizes=\"auto, (max-width: 1080px) 100vw, 1080px\" \/><\/figure>\n\n<\/div>\n<\/div>\n\n\n<figure class=\"gb-block-image gb-block-image-8fd540c7\"><img loading=\"lazy\" decoding=\"async\" width=\"1157\" height=\"2057\" class=\"gb-image gb-image-8fd540c7\" src=\"https:\/\/gbsgroup.net\/wp-content\/uploads\/2025\/10\/unnamed-1.webp\" alt=\"\" title=\"unnamed\" srcset=\"https:\/\/gbsgroup.net\/wp-content\/uploads\/2025\/10\/unnamed-1.webp 1157w, https:\/\/gbsgroup.net\/wp-content\/uploads\/2025\/10\/unnamed-1-169x300.webp 169w, https:\/\/gbsgroup.net\/wp-content\/uploads\/2025\/10\/unnamed-1-576x1024.webp 576w, https:\/\/gbsgroup.net\/wp-content\/uploads\/2025\/10\/unnamed-1-768x1365.webp 768w, https:\/\/gbsgroup.net\/wp-content\/uploads\/2025\/10\/unnamed-1-864x1536.webp 864w, https:\/\/gbsgroup.net\/wp-content\/uploads\/2025\/10\/unnamed-1-1152x2048.webp 1152w\" sizes=\"auto, (max-width: 1157px) 100vw, 1157px\" \/><\/figure>\n<\/div>\n\n\n<div class=\"gb-container gb-container-80239fc5\">\n<div class=\"gb-container gb-container-6192f6ee\">\n\n<p class=\"has-contrast-color has-text-color has-link-color wp-elements-38ad503bfaa9a7c152eb6f316ac8ec7d\" style=\"font-size:14px\"><br><strong>Jorge Fernandez (<em>CEO, GBS Group<\/em><\/strong>)<strong> y Mar\u00eda D\u00edaz<\/strong> <strong>(<em>Fundadora de GBS Group<\/em><\/strong>)<\/p>\n\n\n\n<p class=\"has-contrast-color has-text-color has-link-color wp-elements-e88946fb82199dd4de670d277a9fd775\" style=\"font-size:14px\"><strong>Jorge Fern\u00e1ndez<\/strong> es CEO de <strong>GBS Group<\/strong> y cuenta con m\u00e1s de una d\u00e9cada de experiencia en planificaci\u00f3n fiscal, contabilidad corporativa y estrategia financiera para empresas con operaciones en EE.UU. Es un apasionado de la optimizaci\u00f3n tributaria y la implementaci\u00f3n de estructuras empresariales eficientes que impulsen el crecimiento sostenible.<\/p>\n\n\n\n<p class=\"has-contrast-color has-text-color has-link-color wp-elements-4a9da62cd59c506f281cfa0f461d50f3\" style=\"font-size:14px\"><strong>Mar\u00eda D\u00edaz<\/strong>, fundadora de <strong>GBS Group<\/strong>, es especialista en planificaci\u00f3n fiscal internacional y cumplimiento corporativo para emprendedores y compa\u00f1\u00edas en expansi\u00f3n. Su enfoque combina una visi\u00f3n estrat\u00e9gica con soluciones pr\u00e1cticas para maximizar beneficios fiscales y proteger el capital empresarial.<\/p>\n\n<\/div>\n<\/div>\n\n\n<div style=\"height:34px\" aria-hidden=\"true\" class=\"wp-block-spacer\"><\/div>\n\n\n\n<p><\/p>\n","protected":false},"excerpt":{"rendered":"<p>Webinar exclusivo Cierre de A\u00f1o Fiscal &#8211; Lo que necesitas saber para Ahorrar Impuestos en 2026 Fecha: Mi\u00e9rcoles 03 de Diciembre de 2025 Hora: 4 PM Hora del Este \/ 3 PM Hora Central El cierre de a\u00f1o fiscal es la oportunidad clave para evaluar el desempe\u00f1o financiero, planificar el futuro y, lo m\u00e1s importante, &#8230; <a title=\"Cierre de A\u00f1o Fiscal &#8211; Lo que necesitas saber para Ahorrar Impuestos en 2026\" class=\"read-more\" href=\"https:\/\/gbsgroup.net\/es\/cierre-de-ano-contable-lo-que-necesitas-saber\/\" aria-label=\"Leer m\u00e1s sobre Cierre de A\u00f1o Fiscal &#8211; Lo que necesitas saber para Ahorrar Impuestos en 2026\">Leer m\u00e1s<\/a><\/p>\n","protected":false},"author":3,"featured_media":6072,"parent":0,"menu_order":0,"comment_status":"closed","ping_status":"closed","template":"","meta":{"content-type":"","inline_featured_image":false,"footnotes":""},"class_list":["post-6730","page","type-page","status-publish","has-post-thumbnail"],"_links":{"self":[{"href":"https:\/\/gbsgroup.net\/es\/wp-json\/wp\/v2\/pages\/6730","targetHints":{"allow":["GET"]}}],"collection":[{"href":"https:\/\/gbsgroup.net\/es\/wp-json\/wp\/v2\/pages"}],"about":[{"href":"https:\/\/gbsgroup.net\/es\/wp-json\/wp\/v2\/types\/page"}],"author":[{"embeddable":true,"href":"https:\/\/gbsgroup.net\/es\/wp-json\/wp\/v2\/users\/3"}],"replies":[{"embeddable":true,"href":"https:\/\/gbsgroup.net\/es\/wp-json\/wp\/v2\/comments?post=6730"}],"version-history":[{"count":0,"href":"https:\/\/gbsgroup.net\/es\/wp-json\/wp\/v2\/pages\/6730\/revisions"}],"wp:featuredmedia":[{"embeddable":true,"href":"https:\/\/gbsgroup.net\/es\/wp-json\/wp\/v2\/media\/6072"}],"wp:attachment":[{"href":"https:\/\/gbsgroup.net\/es\/wp-json\/wp\/v2\/media?parent=6730"}],"curies":[{"name":"wp","href":"https:\/\/api.w.org\/{rel}","templated":true}]}}