{"id":6672,"date":"2025-08-27T16:53:42","date_gmt":"2025-08-27T16:53:42","guid":{"rendered":"https:\/\/gbsgroup.net\/?page_id=6672"},"modified":"2025-11-12T23:42:27","modified_gmt":"2025-11-12T23:42:27","slug":"pagar-cero-en-impuestos-con-la-nueva-ley-fiscal-de-trump-obbb","status":"publish","type":"page","link":"https:\/\/gbsgroup.net\/es\/pagar-cero-en-impuestos-con-la-nueva-ley-fiscal-de-trump-obbb\/","title":{"rendered":"Pagar Cero en Impuestos con la Nueva Ley Fiscal de Trump (OBBB)"},"content":{"rendered":"<div class=\"gb-container gb-container-a683b2f0\">\n\n<p class=\"has-text-color has-link-color has-medium-font-size wp-elements-3fe9997f254bdcda9c5b83e9a7e92b03\" style=\"color:#fe0000\"><strong>ESTE WEBINAR YA HA CONCLU\u00cdDO<\/strong><\/p>\n\n\n\n<p class=\"has-gbs-green-color has-text-color has-link-color wp-elements-5295ae0d1c15f0203f07f62c62d9c634\"><strong>Webinar exclusivo<\/strong><\/p>\n\n\n\n<h2 class=\"wp-block-heading\" style=\"font-size:26px;font-style:normal;font-weight:700;letter-spacing:px\"><em><em>Pagar Cero en Impuestos con la Nueva Ley Fiscal de Trump (OBBB)<\/em><\/em><\/h2>\n\n\n\n<p class=\"has-contrast-color has-text-color has-link-color wp-elements-ab52e0b01a04b22d03f81ed86a5b362a\" style=\"font-size:14px\"><strong>Fecha:<\/strong> Mi\u00e9rcoles 12 de noviembre de 2025<\/p>\n\n\n\n<p class=\"has-contrast-color has-text-color has-link-color wp-elements-713b4bb43f72aa361ca70f03737a5e41\" style=\"font-size:14px\"><strong>Hora: <\/strong>4 PM Hora del Este \/ 3 PM Hora Central<\/p>\n\n\n\n<p class=\"has-contrast-color has-text-color has-link-color wp-elements-bb101da361ff1f32cbceb5ecce454333\" style=\"font-size:14px\">La nueva ley fiscal de Trump (One Big Beautiful Bill &#8211; OBBB) no es solo un cambio, es una <strong>revoluci\u00f3n estrat\u00e9gica<\/strong> que redefine c\u00f3mo crece y se financia tu negocio en EE.UU. <br>Mientras otros esperan, t\u00fa puedes <strong>ganar una ventaja competitiva real<\/strong> al optimizar tu carga tributaria, liberar capital y reinvertirlo en el crecimiento de tu empresa.<\/p>\n\n\n\n<p class=\"has-contrast-color has-text-color has-link-color wp-elements-918517f4709d75968cb37ae640967442\" style=\"font-size:14px\">En este webinar exclusivo, <strong>Jorge Fern\u00e1ndez (CEO)<\/strong> y <strong>Mar\u00eda D\u00edaz (Fundadora)<\/strong> de <strong>GBS Group<\/strong> te mostrar\u00e1n <strong>c\u00f3mo aprovechar al m\u00e1ximo los beneficios de la OBBB<\/strong>, activar los incentivos correctos y crear una estructura fiscal s\u00f3lida y rentable para 2025.<\/p>\n\n\n\n<div style=\"height:0px\" aria-hidden=\"true\" class=\"wp-block-spacer\"><\/div>\n\n\n\n<div class=\"wp-block-columns is-layout-flex wp-container-core-columns-is-layout-9d6595d7 wp-block-columns-is-layout-flex\">\n<div class=\"wp-block-column is-layout-flow wp-block-column-is-layout-flow\">\n<p class=\"has-dark-blue-color has-text-color has-link-color wp-elements-3e502b19d6704acc63e6d21b683b8df5\" style=\"font-size:14px\">\ud83d\udd0d <strong><strong>Lo que aprender\u00e1s en este webinar:<\/strong><\/strong><\/p>\n\n\n\n<p class=\"has-contrast-color has-text-color has-link-color wp-elements-a6d75bef9fa660f6d1b79768e1facff1\" style=\"font-size:14px\">\u2705 C\u00f3mo la OBBB puede reducir tu carga fiscal hasta en un 40%.<br>\u2705 Las nuevas deducciones y cr\u00e9ditos estrat\u00e9gicos: Bonificaci\u00f3n, Deducci\u00f3n I+D, QBI, Incentivos Laborales y Cr\u00e9ditos por Zonas de Oportunidad.<br>\u2705 C\u00f3mo estructurar tu LLC o S-Corp para pagar menos y crecer m\u00e1s.<br>\u2705 Plan de acci\u00f3n paso a paso para activar incentivos t\u00fa mismo.<\/p>\n<\/div>\n\n\n\n<div class=\"wp-block-column is-layout-flow wp-block-column-is-layout-flow\">\n<p class=\"has-contrast-color has-text-color has-link-color wp-elements-b4945a25a6e4eeda5fd877e659849f68\" style=\"font-size:14px\"><strong>\ud83d\udccc \u00bfA qui\u00e9n est\u00e1 dirigido<\/strong><br><br>\u2714\ufe0f Due\u00f1os de empresas y emprendedores con operaciones en EE.UU. o planes de expansi\u00f3n.<br>\u2714\ufe0f Propietarios de LLC, S-Corp u otras estructuras pass-through.<br>\u2714\ufe0f Negocios que buscan <strong>reducir su carga fiscal y reinvertir en crecimiento<\/strong>.<br>\u2714\ufe0f Empresas que quieren adelantarse a los <strong>cambios fiscales de 2025<\/strong>.<\/p>\n<\/div>\n<\/div>\n\n<\/div>\n\n\n<div class=\"wp-block-group is-nowrap is-layout-flex wp-container-core-group-is-layout-ad2f72ca wp-block-group-is-layout-flex\"><div class=\"gb-container gb-container-849b86d0\">\n\n<p class=\"has-contrast-color has-text-color has-link-color wp-elements-6666600170ff330c43f604a53be985cb\"><strong>Presentado por:<\/strong><\/p>\n\n\n<div class=\"gb-container gb-container-f0d9a2ad\">\n\n<figure class=\"gb-block-image gb-block-image-9e95ea05\"><img loading=\"lazy\" decoding=\"async\" width=\"1080\" height=\"1620\" class=\"gb-image gb-image-9e95ea05\" src=\"https:\/\/gbsgroup.net\/wp-content\/uploads\/2024\/09\/GBS-3-scaled-1.webp\" alt=\"\" title=\"GBS-3-scaled\" srcset=\"https:\/\/gbsgroup.net\/wp-content\/uploads\/2024\/09\/GBS-3-scaled-1.webp 1080w, https:\/\/gbsgroup.net\/wp-content\/uploads\/2024\/09\/GBS-3-scaled-1-200x300.webp 200w, https:\/\/gbsgroup.net\/wp-content\/uploads\/2024\/09\/GBS-3-scaled-1-683x1024.webp 683w, https:\/\/gbsgroup.net\/wp-content\/uploads\/2024\/09\/GBS-3-scaled-1-768x1152.webp 768w, https:\/\/gbsgroup.net\/wp-content\/uploads\/2024\/09\/GBS-3-scaled-1-1024x1536.webp 1024w\" sizes=\"auto, (max-width: 1080px) 100vw, 1080px\" \/><\/figure>\n\n<\/div>\n<\/div>\n\n\n<figure class=\"gb-block-image gb-block-image-8fd540c7\"><img loading=\"lazy\" decoding=\"async\" width=\"1157\" height=\"2057\" class=\"gb-image gb-image-8fd540c7\" src=\"https:\/\/gbsgroup.net\/wp-content\/uploads\/2025\/10\/unnamed-1.webp\" alt=\"\" title=\"unnamed\" srcset=\"https:\/\/gbsgroup.net\/wp-content\/uploads\/2025\/10\/unnamed-1.webp 1157w, https:\/\/gbsgroup.net\/wp-content\/uploads\/2025\/10\/unnamed-1-169x300.webp 169w, https:\/\/gbsgroup.net\/wp-content\/uploads\/2025\/10\/unnamed-1-576x1024.webp 576w, https:\/\/gbsgroup.net\/wp-content\/uploads\/2025\/10\/unnamed-1-768x1365.webp 768w, https:\/\/gbsgroup.net\/wp-content\/uploads\/2025\/10\/unnamed-1-864x1536.webp 864w, https:\/\/gbsgroup.net\/wp-content\/uploads\/2025\/10\/unnamed-1-1152x2048.webp 1152w\" sizes=\"auto, (max-width: 1157px) 100vw, 1157px\" \/><\/figure>\n<\/div>\n\n\n<div class=\"gb-container gb-container-80239fc5\">\n<div class=\"gb-container gb-container-6192f6ee\">\n\n<p class=\"has-contrast-color has-text-color has-link-color wp-elements-38ad503bfaa9a7c152eb6f316ac8ec7d\" style=\"font-size:14px\"><br><strong>Jorge Fernandez (<em>CEO, GBS Group<\/em><\/strong>)<strong> y Mar\u00eda D\u00edaz<\/strong> <strong>(<em>Fundadora de GBS Group<\/em><\/strong>)<\/p>\n\n\n\n<p class=\"has-contrast-color has-text-color has-link-color wp-elements-e88946fb82199dd4de670d277a9fd775\" style=\"font-size:14px\"><strong>Jorge Fern\u00e1ndez<\/strong> es CEO de <strong>GBS Group<\/strong> y cuenta con m\u00e1s de una d\u00e9cada de experiencia en planificaci\u00f3n fiscal, contabilidad corporativa y estrategia financiera para empresas con operaciones en EE.UU. Es un apasionado de la optimizaci\u00f3n tributaria y la implementaci\u00f3n de estructuras empresariales eficientes que impulsen el crecimiento sostenible.<\/p>\n\n\n\n<p class=\"has-contrast-color has-text-color has-link-color wp-elements-4a9da62cd59c506f281cfa0f461d50f3\" style=\"font-size:14px\"><strong>Mar\u00eda D\u00edaz<\/strong>, fundadora de <strong>GBS Group<\/strong>, es especialista en planificaci\u00f3n fiscal internacional y cumplimiento corporativo para emprendedores y compa\u00f1\u00edas en expansi\u00f3n. Su enfoque combina una visi\u00f3n estrat\u00e9gica con soluciones pr\u00e1cticas para maximizar beneficios fiscales y proteger el capital empresarial.<\/p>\n\n<\/div>\n<\/div>\n\n\n<div style=\"height:34px\" aria-hidden=\"true\" class=\"wp-block-spacer\"><\/div>\n\n\n\n<p><\/p>\n","protected":false},"excerpt":{"rendered":"<p>ESTE WEBINAR YA HA CONCLU\u00cdDO Webinar exclusivo Pagar Cero en Impuestos con la Nueva Ley Fiscal de Trump (OBBB) Fecha: Mi\u00e9rcoles 12 de noviembre de 2025 Hora: 4 PM Hora del Este \/ 3 PM Hora Central La nueva ley fiscal de Trump (One Big Beautiful Bill &#8211; OBBB) no es solo un cambio, es &#8230; <a title=\"Pagar Cero en Impuestos con la Nueva Ley Fiscal de Trump (OBBB)\" class=\"read-more\" href=\"https:\/\/gbsgroup.net\/es\/pagar-cero-en-impuestos-con-la-nueva-ley-fiscal-de-trump-obbb\/\" aria-label=\"Leer m\u00e1s sobre Pagar Cero en Impuestos con la Nueva Ley Fiscal de Trump (OBBB)\">Leer m\u00e1s<\/a><\/p>\n","protected":false},"author":3,"featured_media":6072,"parent":0,"menu_order":0,"comment_status":"closed","ping_status":"closed","template":"","meta":{"content-type":"","inline_featured_image":false,"footnotes":""},"class_list":["post-6672","page","type-page","status-publish","has-post-thumbnail"],"_links":{"self":[{"href":"https:\/\/gbsgroup.net\/es\/wp-json\/wp\/v2\/pages\/6672","targetHints":{"allow":["GET"]}}],"collection":[{"href":"https:\/\/gbsgroup.net\/es\/wp-json\/wp\/v2\/pages"}],"about":[{"href":"https:\/\/gbsgroup.net\/es\/wp-json\/wp\/v2\/types\/page"}],"author":[{"embeddable":true,"href":"https:\/\/gbsgroup.net\/es\/wp-json\/wp\/v2\/users\/3"}],"replies":[{"embeddable":true,"href":"https:\/\/gbsgroup.net\/es\/wp-json\/wp\/v2\/comments?post=6672"}],"version-history":[{"count":0,"href":"https:\/\/gbsgroup.net\/es\/wp-json\/wp\/v2\/pages\/6672\/revisions"}],"wp:featuredmedia":[{"embeddable":true,"href":"https:\/\/gbsgroup.net\/es\/wp-json\/wp\/v2\/media\/6072"}],"wp:attachment":[{"href":"https:\/\/gbsgroup.net\/es\/wp-json\/wp\/v2\/media?parent=6672"}],"curies":[{"name":"wp","href":"https:\/\/api.w.org\/{rel}","templated":true}]}}