{"id":6603,"date":"2025-03-26T14:27:13","date_gmt":"2025-03-26T14:27:13","guid":{"rendered":"https:\/\/gbsgroup.net\/?page_id=6603"},"modified":"2025-03-26T14:37:19","modified_gmt":"2025-03-26T14:37:19","slug":"como-proteger-tu-compania-de-ciberataques-y-fraudes","status":"publish","type":"page","link":"https:\/\/gbsgroup.net\/es\/como-proteger-tu-compania-de-ciberataques-y-fraudes\/","title":{"rendered":"C\u00f3mo Proteger tu Compa\u00f1\u00eda de Ciberataques y Fraudes"},"content":{"rendered":"<div class=\"gb-container gb-container-a683b2f0\">\n\n<p class=\"has-gbs-green-color has-text-color has-link-color wp-elements-5295ae0d1c15f0203f07f62c62d9c634\"><strong>Webinar exclusivo<\/strong><\/p>\n\n\n\n<h2 class=\"wp-block-heading\" style=\"font-size:26px;font-style:normal;font-weight:700;letter-spacing:px\"><em><em>C\u00f3mo Proteger tu Compa\u00f1\u00eda de Ciberataques y Fraudes<\/em><\/em><\/h2>\n\n\n\n<p class=\"has-contrast-color has-text-color has-link-color wp-elements-996015f569f37bc43329987207088aa5\" style=\"font-size:14px\"><strong>Fecha:<\/strong> Martes 22 de Abril de 2025<\/p>\n\n\n\n<p class=\"has-contrast-color has-text-color has-link-color wp-elements-833a4db1905187b78c0e154eede42907\" style=\"font-size:14px\"><strong>Hora: <\/strong>11 AM Hora del Este (EST)<\/p>\n\n\n\n<p class=\"has-contrast-color has-text-color has-link-color wp-elements-de8e5b5774760f9686acfbca6e0059d7\" style=\"font-size:14px\">Los ciberataques y fraudes est\u00e1n en aumento y ninguna empresa est\u00e1 exenta de ser un objetivo. \u00bfEst\u00e1 tu negocio realmente protegido?<\/p>\n\n\n\n<p class=\"has-contrast-color has-text-color has-link-color wp-elements-c3f1085a5bf48581ef6f684aec13e9e9\" style=\"font-size:14px\">En este webinar gratuito, aprender\u00e1s estrategias clave para blindar tu empresa contra amenazas digitales y evitar p\u00e9rdidas econ\u00f3micas. Descubre las mejores pr\u00e1cticas en ciberseguridad y protege tu informaci\u00f3n.<\/p>\n\n\n<div class=\"gb-container gb-container-4585b3c7\">\n\n<div class=\"wp-block-leadin-hubspot-form-block\">\n\t\t\t\t\t\t<script>\n\t\t\t\t\t\t\twindow.hsFormsOnReady = window.hsFormsOnReady || [];\n\t\t\t\t\t\t\twindow.hsFormsOnReady.push(()=>{\n\t\t\t\t\t\t\t\thbspt.forms.create({\n\t\t\t\t\t\t\t\t\tportalId: 8238203,\n\t\t\t\t\t\t\t\t\tformId: \"f7dd813d-254d-43f0-9a09-d9a1d6da535b\",\n\t\t\t\t\t\t\t\t\ttarget: \"#hbspt-form-1775746876000-9331947001\",\n\t\t\t\t\t\t\t\t\tregion: \"na1\",\n\t\t\t\t\t\t\t\t\t\n\t\t\t\t\t\t\t})});\n\t\t\t\t\t\t<\/script>\n\t\t\t\t\t\t<div class=\"hbspt-form\" id=\"hbspt-form-1775746876000-9331947001\"><\/div><\/div>\n\n<\/div>\n\n\n<div style=\"height:0px\" aria-hidden=\"true\" class=\"wp-block-spacer\"><\/div>\n\n\n\n<div class=\"wp-block-columns is-layout-flex wp-container-core-columns-is-layout-9d6595d7 wp-block-columns-is-layout-flex\">\n<div class=\"wp-block-column is-layout-flow wp-block-column-is-layout-flow\">\n<p class=\"has-dark-blue-color has-text-color has-link-color wp-elements-3e502b19d6704acc63e6d21b683b8df5\" style=\"font-size:14px\">\ud83d\udd0d <strong><strong>Lo que aprender\u00e1s en este webinar:<\/strong><\/strong><\/p>\n\n\n\n<p class=\"has-contrast-color has-text-color has-link-color wp-elements-1702911cfd9a74fc21b10910410c06db\" style=\"font-size:14px\">\u2705 <strong>Principales amenazas cibern\u00e9ticas<\/strong>: Conoce los ataques m\u00e1s comunes y su impacto en las empresas.<br>\u2705 <strong>Fraudes financieros y phishing<\/strong>: Aprende a identificar y prevenir enga\u00f1os dirigidos a empleados y clientes.<br>\u2705 <strong>Buenas pr\u00e1cticas de ciberseguridad<\/strong>: Implementa medidas esenciales para proteger tu informaci\u00f3n.<br>\u2705 <strong>Herramientas y tecnolog\u00edas de protecci\u00f3n<\/strong>: Descubre las mejores soluciones para blindar tu negocio.<br>\u2705 <strong>Pol\u00edticas y protocolos de seguridad<\/strong>: Dise\u00f1a un plan efectivo contra ataques digitales.<br>\u2705 <strong>Sesiones de Preguntas y Respuestas<\/strong>: Nuestros expertos responder\u00e1n todas tus dudas en vivo.<\/p>\n<\/div>\n\n\n\n<div class=\"wp-block-column is-layout-flow wp-block-column-is-layout-flow\">\n<p class=\"has-contrast-color has-text-color has-link-color wp-elements-ecef9b6afbed126dda046f8304b9abde\" style=\"font-size:14px\"><strong>\ud83d\udccc \u00bfA qui\u00e9n est\u00e1 dirigido<br><\/strong><br>\u2714\ufe0f<strong> Empresarios y due\u00f1os de negocios<\/strong>: Protege tu compa\u00f1\u00eda de ciberamenazas y fraudes.<br>\u2714\ufe0f <strong>Gerentes y equipos de TI<\/strong>: Refuerza la seguridad digital de tu organizaci\u00f3n.<br>\u2714\ufe0f<strong> Contadores y equipos financieros<\/strong>: Evita fraudes y protege tus transacciones.<br>\u2714\ufe0f <strong>Emprendedores y startups<\/strong>: Implementa estrategias de ciberseguridad desde el inicio.<\/p>\n<\/div>\n<\/div>\n\n<\/div>\n\n<div class=\"gb-container gb-container-849b86d0\">\n\n<p class=\"has-contrast-color has-text-color has-link-color wp-elements-6666600170ff330c43f604a53be985cb\"><strong>Presentado por:<\/strong><\/p>\n\n\n<div class=\"gb-container gb-container-f0d9a2ad\">\n\n<figure class=\"gb-block-image gb-block-image-9e95ea05\"><img loading=\"lazy\" decoding=\"async\" width=\"1080\" height=\"1620\" class=\"gb-image gb-image-9e95ea05\" src=\"https:\/\/gbsgroup.net\/wp-content\/uploads\/2024\/09\/GBS-3-scaled-1.webp\" alt=\"\" title=\"GBS-3-scaled\" srcset=\"https:\/\/gbsgroup.net\/wp-content\/uploads\/2024\/09\/GBS-3-scaled-1.webp 1080w, https:\/\/gbsgroup.net\/wp-content\/uploads\/2024\/09\/GBS-3-scaled-1-200x300.webp 200w, https:\/\/gbsgroup.net\/wp-content\/uploads\/2024\/09\/GBS-3-scaled-1-683x1024.webp 683w, https:\/\/gbsgroup.net\/wp-content\/uploads\/2024\/09\/GBS-3-scaled-1-768x1152.webp 768w, https:\/\/gbsgroup.net\/wp-content\/uploads\/2024\/09\/GBS-3-scaled-1-1024x1536.webp 1024w\" sizes=\"auto, (max-width: 1080px) 100vw, 1080px\" \/><\/figure>\n\n<\/div>\n<\/div>\n\n<div class=\"gb-container gb-container-80239fc5\">\n<div class=\"gb-container gb-container-6192f6ee\">\n\n<p class=\"has-contrast-color has-text-color has-link-color wp-elements-58f1a31e7f8539de3738ed742819b69a\" style=\"font-size:14px\"><strong>Jorge Fernandez<\/strong><\/p>\n\n\n\n<p class=\"has-contrast-color has-text-color has-link-color wp-elements-10400bb8e66b7f5aaaa58083aa07fa3c\" style=\"font-size:14px\"><em>CEO, GBS Group<\/em><\/p>\n\n\n\n<p class=\"has-contrast-color has-text-color has-link-color wp-elements-67243ee541de282431bb49df2267f3c6\" style=\"font-size:14px\">El Sr. Fern\u00e1ndez tiene una Licenciatura en Administraci\u00f3n de Empresas con \u00e9nfasis en Contabilidad y Sistemas de Informaci\u00f3n de Gesti\u00f3n, y m\u00e1s de 10 a\u00f1os de experiencia en tecnolog\u00eda de la informaci\u00f3n para peque\u00f1as y medianas empresas.<br><br>Jorge es un \u00e1vido implementador de nuevas tecnolog\u00edas y un integrador experto de soluciones de contabilidad basadas en servicios en la \u201cnube\u201d para peque\u00f1as y medianas empresas. \u00c9l tambi\u00e9n es un QuickBooks Pro Advisor.<\/p>\n\n<\/div>\n<\/div>\n\n\n<div style=\"height:34px\" aria-hidden=\"true\" class=\"wp-block-spacer\"><\/div>\n","protected":false},"excerpt":{"rendered":"<p>Webinar exclusivo C\u00f3mo Proteger tu Compa\u00f1\u00eda de Ciberataques y Fraudes Fecha: Martes 22 de Abril de 2025 Hora: 11 AM Hora del Este (EST) Los ciberataques y fraudes est\u00e1n en aumento y ninguna empresa est\u00e1 exenta de ser un objetivo. \u00bfEst\u00e1 tu negocio realmente protegido? En este webinar gratuito, aprender\u00e1s estrategias clave para blindar tu &#8230; <a title=\"C\u00f3mo Proteger tu Compa\u00f1\u00eda de Ciberataques y Fraudes\" class=\"read-more\" href=\"https:\/\/gbsgroup.net\/es\/como-proteger-tu-compania-de-ciberataques-y-fraudes\/\" aria-label=\"Leer m\u00e1s sobre C\u00f3mo Proteger tu Compa\u00f1\u00eda de Ciberataques y Fraudes\">Leer m\u00e1s<\/a><\/p>\n","protected":false},"author":3,"featured_media":6072,"parent":0,"menu_order":0,"comment_status":"closed","ping_status":"closed","template":"","meta":{"content-type":"","inline_featured_image":false,"footnotes":""},"class_list":["post-6603","page","type-page","status-publish","has-post-thumbnail"],"_links":{"self":[{"href":"https:\/\/gbsgroup.net\/es\/wp-json\/wp\/v2\/pages\/6603","targetHints":{"allow":["GET"]}}],"collection":[{"href":"https:\/\/gbsgroup.net\/es\/wp-json\/wp\/v2\/pages"}],"about":[{"href":"https:\/\/gbsgroup.net\/es\/wp-json\/wp\/v2\/types\/page"}],"author":[{"embeddable":true,"href":"https:\/\/gbsgroup.net\/es\/wp-json\/wp\/v2\/users\/3"}],"replies":[{"embeddable":true,"href":"https:\/\/gbsgroup.net\/es\/wp-json\/wp\/v2\/comments?post=6603"}],"version-history":[{"count":0,"href":"https:\/\/gbsgroup.net\/es\/wp-json\/wp\/v2\/pages\/6603\/revisions"}],"wp:featuredmedia":[{"embeddable":true,"href":"https:\/\/gbsgroup.net\/es\/wp-json\/wp\/v2\/media\/6072"}],"wp:attachment":[{"href":"https:\/\/gbsgroup.net\/es\/wp-json\/wp\/v2\/media?parent=6603"}],"curies":[{"name":"wp","href":"https:\/\/api.w.org\/{rel}","templated":true}]}}