{"id":6579,"date":"2025-03-17T18:57:30","date_gmt":"2025-03-17T18:57:30","guid":{"rendered":"https:\/\/gbsgroup.net\/?page_id=6579"},"modified":"2025-03-31T16:57:25","modified_gmt":"2025-03-31T16:57:25","slug":"preparandose-para-presentar-su-declaracion-de-impuestos-en-2025","status":"publish","type":"page","link":"https:\/\/gbsgroup.net\/es\/preparandose-para-presentar-su-declaracion-de-impuestos-en-2025\/","title":{"rendered":"Prepar\u00e1ndose para Presentar su Declaraci\u00f3n de Impuestos en 2025"},"content":{"rendered":"<div class=\"gb-container gb-container-a683b2f0\">\n\n<p class=\"has-gbs-green-color has-text-color has-link-color wp-elements-5295ae0d1c15f0203f07f62c62d9c634\"><strong>Webinar exclusivo<\/strong><\/p>\n\n\n\n<h2 class=\"wp-block-heading\" style=\"font-size:26px;font-style:normal;font-weight:700;letter-spacing:px\"><em><em>Prepar\u00e1ndose para Presentar su Declaraci\u00f3n de Impuestos en 2025<\/em><\/em><\/h2>\n\n\n\n<p class=\"has-contrast-color has-text-color has-link-color wp-elements-b39b24d74d889dd49b9067025550f702\" style=\"font-size:14px\"><strong>Fecha:<\/strong> Martes 1 de Abril de 2025<\/p>\n\n\n\n<p class=\"has-contrast-color has-text-color has-link-color wp-elements-0c21a4e1ec6dd5dea8247cc19a2909bb\" style=\"font-size:14px\"><strong>Hora: <\/strong>11 AM Hora del Este (EST) \/ 10 AM Hora Central<\/p>\n\n\n\n<p class=\"has-contrast-color has-text-color has-link-color wp-elements-1f194a41e76f545d4b8a359ad0855ee8\" style=\"font-size:14px\">\ud83d\ude80\u00bfEst\u00e1s listo para presentar tu declaraci\u00f3n de impuestos?<\/p>\n\n\n\n<p class=\"has-contrast-color has-text-color has-link-color wp-elements-ec6d9f50604345ad9ae535713b1e249b\" style=\"font-size:14px\">La fecha l\u00edmite para presentar los impuestos federales est\u00e1 a la vuelta de la esquina, y sabemos que puede ser abrumador, pero queremos ayudar.<\/p>\n\n\n\n<p class=\"has-contrast-color has-text-color has-link-color wp-elements-d4d4188731e18ad616c750fd166c5a2a\" style=\"font-size:14px\">No dejes que la falta de informaci\u00f3n te cueste dinero o te cause problemas con el IRS. En este webinar, aprender\u00e1s todo lo necesario para organizar tu documentaci\u00f3n, evitar errores y aprovechar al m\u00e1ximo tus deducciones fiscales.<\/p>\n\n\n\n<p><\/p>\n\n\n<div class=\"gb-container gb-container-4585b3c7\">\n\n<div class=\"wp-block-leadin-hubspot-form-block\">\n\t\t\t\t\t\t<script>\n\t\t\t\t\t\t\twindow.hsFormsOnReady = window.hsFormsOnReady || [];\n\t\t\t\t\t\t\twindow.hsFormsOnReady.push(()=>{\n\t\t\t\t\t\t\t\thbspt.forms.create({\n\t\t\t\t\t\t\t\t\tportalId: 8238203,\n\t\t\t\t\t\t\t\t\tformId: \"a4a02c84-3620-449d-93c3-eff522e460a6\",\n\t\t\t\t\t\t\t\t\ttarget: \"#hbspt-form-1775489952000-8831829089\",\n\t\t\t\t\t\t\t\t\tregion: \"na1\",\n\t\t\t\t\t\t\t\t\t\n\t\t\t\t\t\t\t})});\n\t\t\t\t\t\t<\/script>\n\t\t\t\t\t\t<div class=\"hbspt-form\" id=\"hbspt-form-1775489952000-8831829089\"><\/div><\/div>\n\n<\/div>\n\n\n<div style=\"height:10px\" aria-hidden=\"true\" class=\"wp-block-spacer\"><\/div>\n\n\n\n<div style=\"height:0px\" aria-hidden=\"true\" class=\"wp-block-spacer\"><\/div>\n\n\n\n<div class=\"wp-block-columns is-layout-flex wp-container-core-columns-is-layout-9d6595d7 wp-block-columns-is-layout-flex\">\n<div class=\"wp-block-column is-layout-flow wp-block-column-is-layout-flow\">\n<p class=\"has-dark-blue-color has-text-color has-link-color wp-elements-396597aa6e9df6c06d076bf723823ad3\" style=\"font-size:15px\">\ud83d\udd0d <strong><strong>Lo que aprender\u00e1s en este webinar:<\/strong><\/strong><\/p>\n\n\n\n<p class=\"has-contrast-color has-text-color has-link-color wp-elements-0b8fecbc3d5b50fbcc8f27ba84dd4ad0\" style=\"font-size:14px\">\u2705 <strong>Qui\u00e9nes deben declarar impuestos y los requisitos<\/strong> seg\u00fan cada situaci\u00f3n.<br>\u2705 <strong>Tipos de formularios del IRS: <\/strong>W-2, 1099 y m\u00e1s.<br>\u2705 <strong>Documentos clave<\/strong> que debes reunir antes de presentar tu declaraci\u00f3n.<br>\u2705 <strong>Deducciones y cr\u00e9ditos fiscales<\/strong> que pueden reducir tu pago de impuestos.<br>\u2705 <strong>Errores comunes <\/strong>que pueden generar auditor\u00edas y c\u00f3mo evitarlos.<br>\u2705 <strong>Fechas y plazos <\/strong>clave para evitar multas.<br>\u2705<strong> \u00bfDeclarar por tu cuenta o contratar un profesional?<\/strong> Evaluamos las opciones.<br>\u2705 <strong>Sesi\u00f3n en vivo de Preguntas y Respuestas<\/strong>.<\/p>\n<\/div>\n\n\n\n<div class=\"wp-block-column is-layout-flow wp-block-column-is-layout-flow\">\n<p class=\"has-contrast-color has-text-color has-link-color wp-elements-2b5e80c52e676a6da082df38a374b4bc\" style=\"font-size:14px\">\ud83d\udccc <strong>\u00bfA qui\u00e9n est\u00e1 dirigido<\/strong><br><br>\u2714\ufe0f <strong>Trabajador o profesional independiente<\/strong> y quieres declarar correctamente tus ingresos.<br>\u2714\ufe0f <strong>Due\u00f1o de negocio o emprendedor<\/strong> que busca estrategias fiscales efectivas.<br>\u2714\ufe0f <strong>Asesor financiero o contador<\/strong> que necesita actualizarse sobre normativas y mejores pr\u00e1cticas.<br>\u2714\ufe0f <strong>Persona que declara impuestos por primera vez<\/strong> y quiere evitar errores.<br>\u2714\ufe0f <strong>Inversionista o extranjero con ingresos en EE. UU.<\/strong> que necesita orientaci\u00f3n.<\/p>\n<\/div>\n<\/div>\n\n<\/div>\n\n<div class=\"gb-container gb-container-849b86d0\">\n\n<p class=\"has-contrast-color has-text-color has-link-color wp-elements-6666600170ff330c43f604a53be985cb\"><strong>Presentado por:<\/strong><\/p>\n\n\n<div class=\"gb-container gb-container-f0d9a2ad\">\n\n<figure class=\"gb-block-image gb-block-image-9e95ea05\"><img loading=\"lazy\" decoding=\"async\" width=\"1080\" height=\"1620\" class=\"gb-image gb-image-9e95ea05\" src=\"https:\/\/gbsgroup.net\/wp-content\/uploads\/2024\/09\/GBS-3-scaled-1.webp\" alt=\"\" title=\"GBS-3-scaled\" srcset=\"https:\/\/gbsgroup.net\/wp-content\/uploads\/2024\/09\/GBS-3-scaled-1.webp 1080w, https:\/\/gbsgroup.net\/wp-content\/uploads\/2024\/09\/GBS-3-scaled-1-200x300.webp 200w, https:\/\/gbsgroup.net\/wp-content\/uploads\/2024\/09\/GBS-3-scaled-1-683x1024.webp 683w, https:\/\/gbsgroup.net\/wp-content\/uploads\/2024\/09\/GBS-3-scaled-1-768x1152.webp 768w, https:\/\/gbsgroup.net\/wp-content\/uploads\/2024\/09\/GBS-3-scaled-1-1024x1536.webp 1024w\" sizes=\"auto, (max-width: 1080px) 100vw, 1080px\" \/><\/figure>\n\n<\/div>\n<\/div>\n\n<div class=\"gb-container gb-container-80239fc5\">\n<div class=\"gb-container gb-container-6192f6ee\">\n\n<p class=\"has-contrast-color has-text-color has-link-color wp-elements-58f1a31e7f8539de3738ed742819b69a\" style=\"font-size:14px\"><strong>Jorge Fernandez<\/strong><\/p>\n\n\n\n<p class=\"has-contrast-color has-text-color has-link-color wp-elements-10400bb8e66b7f5aaaa58083aa07fa3c\" style=\"font-size:14px\"><em>CEO, GBS Group<\/em><\/p>\n\n\n\n<p class=\"has-contrast-color has-text-color has-link-color wp-elements-67243ee541de282431bb49df2267f3c6\" style=\"font-size:14px\">El Sr. Fern\u00e1ndez tiene una Licenciatura en Administraci\u00f3n de Empresas con \u00e9nfasis en Contabilidad y Sistemas de Informaci\u00f3n de Gesti\u00f3n, y m\u00e1s de 10 a\u00f1os de experiencia en tecnolog\u00eda de la informaci\u00f3n para peque\u00f1as y medianas empresas.<br><br>Jorge es un \u00e1vido implementador de nuevas tecnolog\u00edas y un integrador experto de soluciones de contabilidad basadas en servicios en la \u201cnube\u201d para peque\u00f1as y medianas empresas. \u00c9l tambi\u00e9n es un QuickBooks Pro Advisor.<\/p>\n\n<\/div>\n<\/div>\n\n\n<div style=\"height:34px\" aria-hidden=\"true\" class=\"wp-block-spacer\"><\/div>\n","protected":false},"excerpt":{"rendered":"<p>Webinar exclusivo Prepar\u00e1ndose para Presentar su Declaraci\u00f3n de Impuestos en 2025 Fecha: Martes 1 de Abril de 2025 Hora: 11 AM Hora del Este (EST) \/ 10 AM Hora Central \ud83d\ude80\u00bfEst\u00e1s listo para presentar tu declaraci\u00f3n de impuestos? La fecha l\u00edmite para presentar los impuestos federales est\u00e1 a la vuelta de la esquina, y sabemos &#8230; <a title=\"Prepar\u00e1ndose para Presentar su Declaraci\u00f3n de Impuestos en 2025\" class=\"read-more\" href=\"https:\/\/gbsgroup.net\/es\/preparandose-para-presentar-su-declaracion-de-impuestos-en-2025\/\" aria-label=\"Leer m\u00e1s sobre Prepar\u00e1ndose para Presentar su Declaraci\u00f3n de Impuestos en 2025\">Leer m\u00e1s<\/a><\/p>\n","protected":false},"author":3,"featured_media":6072,"parent":0,"menu_order":0,"comment_status":"closed","ping_status":"closed","template":"","meta":{"content-type":"","inline_featured_image":false,"footnotes":""},"class_list":["post-6579","page","type-page","status-publish","has-post-thumbnail"],"_links":{"self":[{"href":"https:\/\/gbsgroup.net\/es\/wp-json\/wp\/v2\/pages\/6579","targetHints":{"allow":["GET"]}}],"collection":[{"href":"https:\/\/gbsgroup.net\/es\/wp-json\/wp\/v2\/pages"}],"about":[{"href":"https:\/\/gbsgroup.net\/es\/wp-json\/wp\/v2\/types\/page"}],"author":[{"embeddable":true,"href":"https:\/\/gbsgroup.net\/es\/wp-json\/wp\/v2\/users\/3"}],"replies":[{"embeddable":true,"href":"https:\/\/gbsgroup.net\/es\/wp-json\/wp\/v2\/comments?post=6579"}],"version-history":[{"count":0,"href":"https:\/\/gbsgroup.net\/es\/wp-json\/wp\/v2\/pages\/6579\/revisions"}],"wp:featuredmedia":[{"embeddable":true,"href":"https:\/\/gbsgroup.net\/es\/wp-json\/wp\/v2\/media\/6072"}],"wp:attachment":[{"href":"https:\/\/gbsgroup.net\/es\/wp-json\/wp\/v2\/media?parent=6579"}],"curies":[{"name":"wp","href":"https:\/\/api.w.org\/{rel}","templated":true}]}}