{"id":6566,"date":"2025-03-12T21:19:31","date_gmt":"2025-03-12T21:19:31","guid":{"rendered":"https:\/\/gbsgroup.net\/?page_id=6566"},"modified":"2025-03-17T15:43:35","modified_gmt":"2025-03-17T15:43:35","slug":"invertir-en-bienes-raices-en-ee-uu-como-reducir-impuestos-y-aumentar-rentabilidad","status":"publish","type":"page","link":"https:\/\/gbsgroup.net\/es\/invertir-en-bienes-raices-en-ee-uu-como-reducir-impuestos-y-aumentar-rentabilidad\/","title":{"rendered":"Invertir en Bienes Ra\u00edces en EE. UU.: C\u00f3mo reducir impuestos y aumentar rentabilidad"},"content":{"rendered":"<div class=\"gb-container gb-container-a683b2f0\">\n\n<p class=\"has-gbs-green-color has-text-color has-link-color wp-elements-5295ae0d1c15f0203f07f62c62d9c634\"><strong>Webinar exclusivo<\/strong><\/p>\n\n\n\n<h2 class=\"wp-block-heading\" style=\"font-size:26px;font-style:normal;font-weight:700;letter-spacing:px\"><em><em><strong>Invertir en Bienes Ra\u00edces en EE. UU.: C\u00f3mo reducir impuestos y aumentar rentabilidad<\/strong><\/em><\/em><\/h2>\n\n\n\n<p class=\"has-contrast-color has-text-color has-link-color wp-elements-a840c6748bc44eee4927792888f19b2e\" style=\"font-size:14px\"><strong>Fecha:<\/strong> Martes 18 de Marzo de 2025<\/p>\n\n\n\n<p class=\"has-contrast-color has-text-color has-link-color wp-elements-833a4db1905187b78c0e154eede42907\" style=\"font-size:14px\"><strong>Hora: <\/strong>11 AM Hora del Este (EST)<\/p>\n\n\n\n<p class=\"has-dark-blue-color has-text-color has-link-color wp-elements-dde354f5f644213f3fd695e56bf99ca0\" style=\"font-size:14px\">\ud83d\udcca <strong>Descubre estrategias fiscales clave para maximizar tus ganancias y minimizar impuestos en tus inversiones inmobiliarias en EE. UU.<\/strong><\/p>\n\n\n\n<p class=\"has-contrast-color has-text-color has-link-color wp-elements-1b1fa6026f2e2bd8ec0cd3cfad0314ef\" style=\"font-size:14px\">Si inviertes o est\u00e1s pensando en invertir en bienes ra\u00edces en EE. UU., este webinar es imprescindible. Conocer las implicaciones fiscales de tus inversiones puede marcar la diferencia entre una inversi\u00f3n rentable y una llena de sorpresas costosas. Aprende de nuestros expertos c\u00f3mo optimizar tu carga fiscal y pagar potencialmente CERO impuestos.<br><\/p>\n\n\n<div class=\"gb-container gb-container-4585b3c7\">\n\n<div class=\"wp-block-leadin-hubspot-form-block\">\n\t\t\t\t\t\t<script>\n\t\t\t\t\t\t\twindow.hsFormsOnReady = window.hsFormsOnReady || [];\n\t\t\t\t\t\t\twindow.hsFormsOnReady.push(()=>{\n\t\t\t\t\t\t\t\thbspt.forms.create({\n\t\t\t\t\t\t\t\t\tportalId: 8238203,\n\t\t\t\t\t\t\t\t\tformId: \"8d50e8e0-7f8c-4d97-bc5d-bec9940d56aa\",\n\t\t\t\t\t\t\t\t\ttarget: \"#hbspt-form-1776396239000-5432427449\",\n\t\t\t\t\t\t\t\t\tregion: \"na1\",\n\t\t\t\t\t\t\t\t\t\n\t\t\t\t\t\t\t})});\n\t\t\t\t\t\t<\/script>\n\t\t\t\t\t\t<div class=\"hbspt-form\" id=\"hbspt-form-1776396239000-5432427449\"><\/div><\/div>\n\n<\/div>\n\n\n<div style=\"height:10px\" aria-hidden=\"true\" class=\"wp-block-spacer\"><\/div>\n\n\n\n<div style=\"height:0px\" aria-hidden=\"true\" class=\"wp-block-spacer\"><\/div>\n\n\n\n<div class=\"wp-block-columns is-layout-flex wp-container-core-columns-is-layout-9d6595d7 wp-block-columns-is-layout-flex\">\n<div class=\"wp-block-column is-layout-flow wp-block-column-is-layout-flow\">\n<p class=\"has-dark-blue-color has-text-color has-link-color wp-elements-7ee861e734098c0e921ccbc67977fee3\">\ud83d\udd0d <strong><strong>Lo que aprender\u00e1s en este webinar:<\/strong><\/strong><\/p>\n\n\n\n<p class=\"has-contrast-color has-text-color has-link-color wp-elements-9abfbfdad4cc1a58eda6a2a04ccaff82\" style=\"font-size:14px\"><strong>\u2705 Depreciaci\u00f3n de propiedades:<\/strong> Usa la depreciaci\u00f3n a tu favor para reducir impuestos.<strong><br>\u2705 Segregaci\u00f3n de costos:<\/strong> Estrategias para maximizar beneficios fiscales.<strong><br>\u2705 Declaraci\u00f3n de impuestos:<\/strong> Evita problemas con el IRS con un reporte correcto.<strong><br>\u2705 FIRPTA:<\/strong> Claves sobre retenci\u00f3n de impuestos para inversionistas extranjeros.<strong><br>\u2705 1031 Exchange:<\/strong> Diferir impuestos sobre ganancias de capital con reinversi\u00f3n.<\/p>\n<\/div>\n\n\n\n<div class=\"wp-block-column is-layout-flow wp-block-column-is-layout-flow\">\n<p class=\"has-contrast-color has-text-color has-link-color wp-elements-a85a40c99e3d4cf475dec8fd39576b22\" style=\"font-size:14px\">\ud83d\udccc <strong>\u00bfA qui\u00e9n est\u00e1 dirigido<\/strong><br><br>\u2714\ufe0f <strong>Inversionistas individuales<\/strong> que buscan optimizar su rentabilidad.<br>\u2714\ufe0f <strong>Empresarios y due\u00f1os de negocios<\/strong> interesados en bienes ra\u00edces.<br>\u2714\ufe0f <strong>Asesores financieros y contadores<\/strong> que desean actualizarse.<br>\u2714\ufe0f I<strong>nversionistas internacionales<\/strong> que buscan entender el panorama fiscal.<br>\u2714\ufe0f <strong>Personas interesadas en comenzar en bienes ra\u00edces <\/strong>con informaci\u00f3n clara.<\/p>\n<\/div>\n<\/div>\n\n<\/div>\n\n<div class=\"gb-container gb-container-849b86d0\">\n\n<p class=\"has-contrast-color has-text-color has-link-color wp-elements-6666600170ff330c43f604a53be985cb\"><strong>Presentado por:<\/strong><\/p>\n\n\n<div class=\"gb-container gb-container-f0d9a2ad\">\n\n<figure class=\"gb-block-image gb-block-image-9e95ea05\"><img loading=\"lazy\" decoding=\"async\" width=\"1080\" height=\"1620\" class=\"gb-image gb-image-9e95ea05\" src=\"https:\/\/gbsgroup.net\/wp-content\/uploads\/2024\/09\/GBS-3-scaled-1.webp\" alt=\"\" title=\"GBS-3-scaled\" srcset=\"https:\/\/gbsgroup.net\/wp-content\/uploads\/2024\/09\/GBS-3-scaled-1.webp 1080w, https:\/\/gbsgroup.net\/wp-content\/uploads\/2024\/09\/GBS-3-scaled-1-200x300.webp 200w, https:\/\/gbsgroup.net\/wp-content\/uploads\/2024\/09\/GBS-3-scaled-1-683x1024.webp 683w, https:\/\/gbsgroup.net\/wp-content\/uploads\/2024\/09\/GBS-3-scaled-1-768x1152.webp 768w, https:\/\/gbsgroup.net\/wp-content\/uploads\/2024\/09\/GBS-3-scaled-1-1024x1536.webp 1024w\" sizes=\"auto, (max-width: 1080px) 100vw, 1080px\" \/><\/figure>\n\n<\/div>\n<\/div>\n\n<div class=\"gb-container gb-container-80239fc5\">\n<div class=\"gb-container gb-container-6192f6ee\">\n\n<p class=\"has-contrast-color has-text-color has-link-color wp-elements-58f1a31e7f8539de3738ed742819b69a\" style=\"font-size:14px\"><strong>Jorge Fernandez<\/strong><\/p>\n\n\n\n<p class=\"has-contrast-color has-text-color has-link-color wp-elements-10400bb8e66b7f5aaaa58083aa07fa3c\" style=\"font-size:14px\"><em>CEO, GBS Group<\/em><\/p>\n\n\n\n<p class=\"has-contrast-color has-text-color has-link-color wp-elements-67243ee541de282431bb49df2267f3c6\" style=\"font-size:14px\">El Sr. Fern\u00e1ndez tiene una Licenciatura en Administraci\u00f3n de Empresas con \u00e9nfasis en Contabilidad y Sistemas de Informaci\u00f3n de Gesti\u00f3n, y m\u00e1s de 10 a\u00f1os de experiencia en tecnolog\u00eda de la informaci\u00f3n para peque\u00f1as y medianas empresas.<br><br>Jorge es un \u00e1vido implementador de nuevas tecnolog\u00edas y un integrador experto de soluciones de contabilidad basadas en servicios en la \u201cnube\u201d para peque\u00f1as y medianas empresas. \u00c9l tambi\u00e9n es un QuickBooks Pro Advisor.<\/p>\n\n<\/div>\n<\/div>\n\n\n<div style=\"height:100px\" aria-hidden=\"true\" class=\"wp-block-spacer\"><\/div>\n\n\n\n<p><\/p>\n","protected":false},"excerpt":{"rendered":"<p>Webinar exclusivo Invertir en Bienes Ra\u00edces en EE. UU.: C\u00f3mo reducir impuestos y aumentar rentabilidad Fecha: Martes 18 de Marzo de 2025 Hora: 11 AM Hora del Este (EST) \ud83d\udcca Descubre estrategias fiscales clave para maximizar tus ganancias y minimizar impuestos en tus inversiones inmobiliarias en EE. UU. Si inviertes o est\u00e1s pensando en invertir &#8230; <a title=\"Invertir en Bienes Ra\u00edces en EE. UU.: C\u00f3mo reducir impuestos y aumentar rentabilidad\" class=\"read-more\" href=\"https:\/\/gbsgroup.net\/es\/invertir-en-bienes-raices-en-ee-uu-como-reducir-impuestos-y-aumentar-rentabilidad\/\" aria-label=\"Leer m\u00e1s sobre Invertir en Bienes Ra\u00edces en EE. UU.: C\u00f3mo reducir impuestos y aumentar rentabilidad\">Leer m\u00e1s<\/a><\/p>\n","protected":false},"author":3,"featured_media":6072,"parent":0,"menu_order":0,"comment_status":"closed","ping_status":"closed","template":"","meta":{"content-type":"","inline_featured_image":false,"footnotes":""},"class_list":["post-6566","page","type-page","status-publish","has-post-thumbnail"],"_links":{"self":[{"href":"https:\/\/gbsgroup.net\/es\/wp-json\/wp\/v2\/pages\/6566","targetHints":{"allow":["GET"]}}],"collection":[{"href":"https:\/\/gbsgroup.net\/es\/wp-json\/wp\/v2\/pages"}],"about":[{"href":"https:\/\/gbsgroup.net\/es\/wp-json\/wp\/v2\/types\/page"}],"author":[{"embeddable":true,"href":"https:\/\/gbsgroup.net\/es\/wp-json\/wp\/v2\/users\/3"}],"replies":[{"embeddable":true,"href":"https:\/\/gbsgroup.net\/es\/wp-json\/wp\/v2\/comments?post=6566"}],"version-history":[{"count":0,"href":"https:\/\/gbsgroup.net\/es\/wp-json\/wp\/v2\/pages\/6566\/revisions"}],"wp:featuredmedia":[{"embeddable":true,"href":"https:\/\/gbsgroup.net\/es\/wp-json\/wp\/v2\/media\/6072"}],"wp:attachment":[{"href":"https:\/\/gbsgroup.net\/es\/wp-json\/wp\/v2\/media?parent=6566"}],"curies":[{"name":"wp","href":"https:\/\/api.w.org\/{rel}","templated":true}]}}