{"id":6334,"date":"2025-01-10T15:54:25","date_gmt":"2025-01-10T15:54:25","guid":{"rendered":"https:\/\/gbsgroup.net\/?page_id=6334"},"modified":"2025-01-14T16:53:27","modified_gmt":"2025-01-14T16:53:27","slug":"formularios-1099-todo-lo-que-necesitas-saber-para-cumplir-con-el-irs","status":"publish","type":"page","link":"https:\/\/gbsgroup.net\/es\/formularios-1099-todo-lo-que-necesitas-saber-para-cumplir-con-el-irs\/","title":{"rendered":"Formularios 1099: Todo lo que Necesitas Saber para Cumplir con el IRS"},"content":{"rendered":"<div class=\"gb-container gb-container-a683b2f0\">\n\n<h2 class=\"wp-block-heading\" style=\"font-size:26px;font-style:normal;font-weight:700;letter-spacing:px\">Formularios 1099: Todo lo que Necesitas Saber para Cumplir con el IRS<\/h2>\n\n\n\n<p class=\"has-contrast-color has-text-color has-link-color wp-elements-ea3618dac2e29a652a8862791b034a0a\" style=\"font-size:14px\"><br>Si utilizas con frecuencia los servicios de trabajadores aut\u00f3nomos o contratistas independientes, es muy probable que est\u00e9s obligado a recopilar y procesar las formas 1099-NEC ante el IRS, adem\u00e1s de enviar una copia al contratista o proveedor del servicio antes del 31 de enero.<\/p>\n\n\n\n<p class=\"has-contrast-color has-text-color has-link-color wp-elements-3e78b453779e3220750fddf50b42ce1e\" style=\"font-size:14px\">Cualquier negocio, independientemente de su estructura legal, ya sea una empresa unipersonal, una LLP, una LLC o una corporaci\u00f3n, est\u00e1 obligado a informar al Servicio de Rentas Internas (IRS) sobre los pagos realizados a contratistas cuando estos exceden los USD $600 en un a\u00f1o. Esto se realiza a trav\u00e9s de las formas 1099-NEC.<\/p>\n\n\n\n<p class=\"has-contrast-color has-text-color has-link-color wp-elements-a380c55a4e35bddf8ff30b9ba33c752b\" style=\"font-size:14px\">Adem\u00e1s, existen otros tipos de formularios 1099 que deben ser procesados o que podr\u00edas recibir, dependiendo de las circunstancias espec\u00edficas de tus transacciones.<\/p>\n\n\n\n<p class=\"has-contrast-color has-text-color has-link-color wp-elements-0b0124b1c438e36c0af34da5962f2fc9\" style=\"font-size:14px\">Conoce todo sobre estos formularios en este webinar y aseg\u00farate de no tener errores o incumplimientos en tu reporte de impuestos.&nbsp;<\/p>\n\n\n\n<p class=\"has-contrast-color has-text-color has-link-color wp-elements-6d8fd4d8b8337653d4652fc3ae03e7ae\" style=\"font-size:14px\"><br><strong>\u00bfQu\u00e9 aprender\u00e1s en este webinar?<\/strong><br><br>\u2022 \u00bfQu\u00e9 es un formulario 1099?<\/p>\n\n\n\n<p class=\"has-contrast-color has-text-color has-link-color wp-elements-0cd8a57fd68ab891183171ef3268e12f\" style=\"font-size:14px\">\u2022 Tipos de formularios 1099.&nbsp;<\/p>\n\n\n\n<p class=\"has-contrast-color has-text-color has-link-color wp-elements-372ee73b8ad9d2ac5d0d169d7d2ad167\" style=\"font-size:14px\">\u2022 \u00bfQu\u00e9 representa cada formulario y para qu\u00e9 sirven?<\/p>\n\n\n\n<p class=\"has-contrast-color has-text-color has-link-color wp-elements-9a13e42b9d8417a7788eaa266523bf51\" style=\"font-size:14px\">\u2022 Errores a evitar en el reporte de impuestos.<\/p>\n\n\n\n<div style=\"height:28px\" aria-hidden=\"true\" class=\"wp-block-spacer\"><\/div>\n\n\n<div class=\"gb-container gb-container-26533925\">\n\n<p class=\"has-contrast-color has-text-color has-link-color wp-elements-2afb8db551345e5acb479a3698ef796e\" style=\"font-size:14px\">\ud83d\udcc5 <strong>Fecha:<\/strong> Martes 14 de Enero de 2025<br>\u23f0 <strong>Hora: <\/strong>12 PM Hora del Este (EST)<\/p>\n\n\n\n<p class=\"has-contrast-color has-text-color has-link-color wp-elements-60bf8c67e2b6a9a3c02661d382b116e1\"><\/p>\n\n\n\n<div style=\"height:28px\" aria-hidden=\"true\" class=\"wp-block-spacer\"><\/div>\n\n\n\n<p class=\"has-contrast-color has-text-color has-link-color wp-elements-60bf8c67e2b6a9a3c02661d382b116e1\"><\/p>\n\n\n\n<p class=\"has-contrast-color has-text-color has-link-color wp-elements-cafb960edbb4052ed90b25601b41fd73\"><strong>Reg\u00edstrate al webinar completando el siguiente formulario:<\/strong><\/p>\n\n<\/div>\n<\/div>\n\n\n<div class=\"wp-block-columns are-vertically-aligned-center is-layout-flex wp-container-core-columns-is-layout-9d6595d7 wp-block-columns-is-layout-flex\">\n<div class=\"wp-block-column is-vertically-aligned-center is-layout-flow wp-block-column-is-layout-flow\" style=\"flex-basis:60%\"><div class=\"gb-container gb-container-9a8f9569\">\n<div class=\"gb-container gb-container-8f6fe50d\">\n\n<div class=\"wp-block-leadin-hubspot-form-block\">\n\t\t\t\t\t\t<script>\n\t\t\t\t\t\t\twindow.hsFormsOnReady = window.hsFormsOnReady || [];\n\t\t\t\t\t\t\twindow.hsFormsOnReady.push(()=>{\n\t\t\t\t\t\t\t\thbspt.forms.create({\n\t\t\t\t\t\t\t\t\tportalId: 8238203,\n\t\t\t\t\t\t\t\t\tformId: \"b9298576-b8b5-4e5e-86f5-3f80bde80943\",\n\t\t\t\t\t\t\t\t\ttarget: \"#hbspt-form-1775256165000-7345169702\",\n\t\t\t\t\t\t\t\t\tregion: \"na1\",\n\t\t\t\t\t\t\t\t\t\n\t\t\t\t\t\t\t})});\n\t\t\t\t\t\t<\/script>\n\t\t\t\t\t\t<div class=\"hbspt-form\" id=\"hbspt-form-1775256165000-7345169702\"><\/div><\/div>\n\n<\/div>\n<\/div><\/div>\n<\/div>\n\n\n\n<div style=\"height:20px\" aria-hidden=\"true\" class=\"wp-block-spacer\"><\/div>\n\n\n<div class=\"gb-container gb-container-849b86d0\">\n\n<p class=\"has-contrast-color has-text-color has-link-color wp-elements-6666600170ff330c43f604a53be985cb\"><strong>Presentado por:<\/strong><\/p>\n\n\n\n<figure class=\"gb-block-image gb-block-image-9e95ea05\"><img loading=\"lazy\" decoding=\"async\" width=\"1080\" height=\"1620\" class=\"gb-image gb-image-9e95ea05\" src=\"https:\/\/gbsgroup.net\/wp-content\/uploads\/2024\/09\/GBS-98-scaled-1.webp\" alt=\"\" title=\"GBS-98-scaled\" srcset=\"https:\/\/gbsgroup.net\/wp-content\/uploads\/2024\/09\/GBS-98-scaled-1.webp 1080w, https:\/\/gbsgroup.net\/wp-content\/uploads\/2024\/09\/GBS-98-scaled-1-200x300.webp 200w, https:\/\/gbsgroup.net\/wp-content\/uploads\/2024\/09\/GBS-98-scaled-1-683x1024.webp 683w, https:\/\/gbsgroup.net\/wp-content\/uploads\/2024\/09\/GBS-98-scaled-1-768x1152.webp 768w, https:\/\/gbsgroup.net\/wp-content\/uploads\/2024\/09\/GBS-98-scaled-1-1024x1536.webp 1024w\" sizes=\"auto, (max-width: 1080px) 100vw, 1080px\" \/><\/figure>\n\n<\/div>\n\n<div class=\"gb-container gb-container-80239fc5\">\n<div class=\"gb-container gb-container-6192f6ee\">\n\n<p class=\"has-contrast-color has-text-color has-link-color wp-elements-b177fe2479b2b109799b998d467fc8ec\"><strong>Mar\u00eda D\u00edaz<\/strong><\/p>\n\n\n\n<p class=\"has-contrast-color has-text-color has-link-color wp-elements-92f8a55597ab71a6577416e983262096\"><em>Directora, GBS Group<\/em><\/p>\n\n\n\n<p class=\"has-contrast-color has-text-color has-link-color wp-elements-35ecd02a901d00495857c7786435dd9e\">Mar\u00eda Antonietta D\u00edaz es una empresaria visionaria y consultora de negocios internacionales. Es la fundadora de GBS Group, un grupo de compa\u00f1\u00edas especializadas en consultor\u00eda de arranque de negocios, asesor\u00eda financiera y tributaria, y gesti\u00f3n comercial.<\/p>\n\n\n\n<p class=\"has-contrast-color has-text-color has-link-color wp-elements-2f51ad2b859b10be7ced8fb736b2fcde\">La Sra. D\u00edaz tiene una Licenciatura y Maestr\u00eda en Contabilidad, con m\u00e1s de 30 a\u00f1os de experiencia en consultor\u00eda de negocios para peque\u00f1as y medianas empresas, y est\u00e1 registrada como Enrolled Agent ante el IRS, esta es la credencial de m\u00e1s alto nivel que otorga este organismo.<\/p>\n\n<\/div>\n<\/div>\n\n\n<div style=\"height:100px\" aria-hidden=\"true\" class=\"wp-block-spacer\"><\/div>\n","protected":false},"excerpt":{"rendered":"<p>Formularios 1099: Todo lo que Necesitas Saber para Cumplir con el IRS Si utilizas con frecuencia los servicios de trabajadores aut\u00f3nomos o contratistas independientes, es muy probable que est\u00e9s obligado a recopilar y procesar las formas 1099-NEC ante el IRS, adem\u00e1s de enviar una copia al contratista o proveedor del servicio antes del 31 de &#8230; <a title=\"Formularios 1099: Todo lo que Necesitas Saber para Cumplir con el IRS\" class=\"read-more\" href=\"https:\/\/gbsgroup.net\/es\/formularios-1099-todo-lo-que-necesitas-saber-para-cumplir-con-el-irs\/\" aria-label=\"Leer m\u00e1s sobre Formularios 1099: Todo lo que Necesitas Saber para Cumplir con el IRS\">Leer m\u00e1s<\/a><\/p>\n","protected":false},"author":3,"featured_media":6072,"parent":0,"menu_order":0,"comment_status":"closed","ping_status":"closed","template":"","meta":{"content-type":"","inline_featured_image":false,"footnotes":""},"class_list":["post-6334","page","type-page","status-publish","has-post-thumbnail"],"_links":{"self":[{"href":"https:\/\/gbsgroup.net\/es\/wp-json\/wp\/v2\/pages\/6334","targetHints":{"allow":["GET"]}}],"collection":[{"href":"https:\/\/gbsgroup.net\/es\/wp-json\/wp\/v2\/pages"}],"about":[{"href":"https:\/\/gbsgroup.net\/es\/wp-json\/wp\/v2\/types\/page"}],"author":[{"embeddable":true,"href":"https:\/\/gbsgroup.net\/es\/wp-json\/wp\/v2\/users\/3"}],"replies":[{"embeddable":true,"href":"https:\/\/gbsgroup.net\/es\/wp-json\/wp\/v2\/comments?post=6334"}],"version-history":[{"count":0,"href":"https:\/\/gbsgroup.net\/es\/wp-json\/wp\/v2\/pages\/6334\/revisions"}],"wp:featuredmedia":[{"embeddable":true,"href":"https:\/\/gbsgroup.net\/es\/wp-json\/wp\/v2\/media\/6072"}],"wp:attachment":[{"href":"https:\/\/gbsgroup.net\/es\/wp-json\/wp\/v2\/media?parent=6334"}],"curies":[{"name":"wp","href":"https:\/\/api.w.org\/{rel}","templated":true}]}}