{"id":6317,"date":"2025-01-09T19:27:33","date_gmt":"2025-01-09T19:27:33","guid":{"rendered":"https:\/\/gbsgroup.net\/?page_id=6317"},"modified":"2025-02-19T22:33:00","modified_gmt":"2025-02-19T22:33:00","slug":"webinar-como-manejar-los-impuestos-a-las-ventas-para-ecommerce","status":"publish","type":"page","link":"https:\/\/gbsgroup.net\/es\/webinar-como-manejar-los-impuestos-a-las-ventas-para-ecommerce\/","title":{"rendered":"C\u00f3mo Manejar los Impuestos a las Ventas para eCommerce (Shopify, Amazon, etc.)"},"content":{"rendered":"<div class=\"gb-container gb-container-a683b2f0\">\n\n<h2 class=\"wp-block-heading\" style=\"font-size:24px;font-style:normal;font-weight:700;letter-spacing:px\">Webinar: <em>C\u00f3mo Manejar los Impuestos a las Ventas para eCommerce (Shopify, Amazon, etc.)<\/em><\/h2>\n\n\n\n<p class=\"has-contrast-color has-text-color has-link-color wp-elements-f412efd9c4ecad381ddc9c41faeba807\"><br><strong>Descubre c\u00f3mo manejar los impuestos a las ventas en Shopify, Amazon y m\u00e1s<\/strong><\/p>\n\n\n\n<p class=\"has-contrast-color has-text-color has-link-color wp-elements-e49e738b9940d2dd258c9605503ccb62\" style=\"font-size:14px\">Si vendes productos en l\u00ednea, comprender los impuestos a las ventas (Sales Tax) y el \u00abNexus\u00bb es clave para operar legalmente y optimizar tus finanzas. En este webinar exclusivo, Jorge Fern\u00e1ndez, experto en impuestos en EE.UU., te guiar\u00e1 a trav\u00e9s de los aspectos esenciales de la tributaci\u00f3n en eCommerce.<br><\/p>\n\n\n\n<div style=\"height:18px\" aria-hidden=\"true\" class=\"wp-block-spacer\"><\/div>\n\n\n\n<p class=\"has-contrast-color has-text-color has-link-color wp-elements-a459cbad4eaf7184d3e047253bc1e24d\" style=\"font-size:14px\"><\/p>\n\n\n\n<p class=\"has-contrast-color has-text-color has-link-color wp-elements-d5a17c5294410eb1f399453719b37820\" style=\"font-size:14px\"><strong>\ud83d\udcc8 Lo que aprender\u00e1s:<\/strong><\/p>\n\n\n\n<p class=\"has-contrast-color has-text-color has-link-color wp-elements-94684130835fc79ab061463cfa0c97fb\" style=\"font-size:14px\">\u2714\ufe0f La importancia de la contabilidad si tienes un eCommerce.<br>\u2714\ufe0f C\u00f3mo determinar tu responsabilidad fiscal y el \u00abNexus\u00bb.<br>\u2714\ufe0f Diferencias fiscales entre estados y c\u00f3mo afectan tu negocio.<br>\u2714\ufe0f Estrategias y herramientas para evitar riesgos de incumplimiento.<br>\u2714\ufe0f Espacio de Preguntas y Respuestas en vivo.<\/p>\n\n\n\n<div style=\"height:26px\" aria-hidden=\"true\" class=\"wp-block-spacer\"><\/div>\n\n\n<div class=\"gb-container gb-container-26533925\">\n\n<p class=\"has-contrast-color has-text-color has-link-color wp-elements-f910f309420df9e2fe8566cf050ed25a\" style=\"font-size:14px\">\ud83d\udcc5 <strong>Fecha:<\/strong> Martes 25 de Febrero de 2025<br>\u23f0 <strong>Hora: <\/strong>11 AM Hora del Este (EST)<\/p>\n\n\n\n<div style=\"height:26px\" aria-hidden=\"true\" class=\"wp-block-spacer\"><\/div>\n\n\n<div class=\"gb-container gb-container-3789353a\">\n<div class=\"gb-container gb-container-6174ceec\">\n\n<p class=\"has-contrast-color has-text-color has-link-color wp-elements-cafb960edbb4052ed90b25601b41fd73\"><strong>Reg\u00edstrate al webinar completando el siguiente formulario:<\/strong><\/p>\n\n<\/div>\n<\/div>\n<\/div>\n<\/div>\n\n\n<div class=\"wp-block-columns are-vertically-aligned-center is-layout-flex wp-container-core-columns-is-layout-9d6595d7 wp-block-columns-is-layout-flex\">\n<div class=\"wp-block-column is-vertically-aligned-center is-layout-flow wp-block-column-is-layout-flow\" style=\"flex-basis:60%\"><div class=\"gb-container gb-container-9a8f9569\">\n<div class=\"gb-container gb-container-8f6fe50d\">\n\n<div class=\"wp-block-leadin-hubspot-form-block\">\n\t\t\t\t\t\t<script>\n\t\t\t\t\t\t\twindow.hsFormsOnReady = window.hsFormsOnReady || [];\n\t\t\t\t\t\t\twindow.hsFormsOnReady.push(()=>{\n\t\t\t\t\t\t\t\thbspt.forms.create({\n\t\t\t\t\t\t\t\t\tportalId: 8238203,\n\t\t\t\t\t\t\t\t\tformId: \"66372d03-59c8-4885-8d18-7cdee50e7148\",\n\t\t\t\t\t\t\t\t\ttarget: \"#hbspt-form-1775612310000-3082871929\",\n\t\t\t\t\t\t\t\t\tregion: \"na1\",\n\t\t\t\t\t\t\t\t\t\n\t\t\t\t\t\t\t})});\n\t\t\t\t\t\t<\/script>\n\t\t\t\t\t\t<div class=\"hbspt-form\" id=\"hbspt-form-1775612310000-3082871929\"><\/div><\/div>\n\n<\/div>\n<\/div><\/div>\n<\/div>\n\n\n\n<div style=\"height:20px\" aria-hidden=\"true\" class=\"wp-block-spacer\"><\/div>\n\n\n<div class=\"gb-container gb-container-849b86d0\">\n\n<p class=\"has-contrast-color has-text-color has-link-color wp-elements-6666600170ff330c43f604a53be985cb\"><strong>Presentado por:<\/strong><\/p>\n\n\n\n<figure class=\"gb-block-image gb-block-image-9e95ea05\"><img loading=\"lazy\" decoding=\"async\" width=\"1080\" height=\"1620\" class=\"gb-image gb-image-9e95ea05\" src=\"https:\/\/gbsgroup.net\/wp-content\/uploads\/2024\/09\/GBS-3-scaled-1.webp\" alt=\"\" title=\"GBS-3-scaled\" srcset=\"https:\/\/gbsgroup.net\/wp-content\/uploads\/2024\/09\/GBS-3-scaled-1.webp 1080w, https:\/\/gbsgroup.net\/wp-content\/uploads\/2024\/09\/GBS-3-scaled-1-200x300.webp 200w, https:\/\/gbsgroup.net\/wp-content\/uploads\/2024\/09\/GBS-3-scaled-1-683x1024.webp 683w, https:\/\/gbsgroup.net\/wp-content\/uploads\/2024\/09\/GBS-3-scaled-1-768x1152.webp 768w, https:\/\/gbsgroup.net\/wp-content\/uploads\/2024\/09\/GBS-3-scaled-1-1024x1536.webp 1024w\" sizes=\"auto, (max-width: 1080px) 100vw, 1080px\" \/><\/figure>\n\n<\/div>\n\n<div class=\"gb-container gb-container-80239fc5\">\n<div class=\"gb-container gb-container-6192f6ee\">\n\n<p class=\"has-contrast-color has-text-color has-link-color wp-elements-b8f02b99e38f47f98704928e9e94e15e\"><strong>Jorge Fernandez<\/strong><\/p>\n\n\n\n<p class=\"has-contrast-color has-text-color has-link-color wp-elements-b0a53697ecb54399a52d3a98554ed3ce\"><em>CEO de GBS Group<\/em><\/p>\n\n\n\n<p class=\"has-contrast-color has-text-color has-link-color wp-elements-0e0d69e12e0f33467b329601b3b702c8\">El Sr. Fern\u00e1ndez tiene una Licenciatura en Administraci\u00f3n de Empresas con \u00e9nfasis en Contabilidad y Sistemas de Informaci\u00f3n de Gesti\u00f3n, y m\u00e1s de 10 a\u00f1os de experiencia en tecnolog\u00eda de la informaci\u00f3n para peque\u00f1as y medianas empresas.<\/p>\n\n\n\n<p class=\"has-contrast-color has-text-color has-link-color wp-elements-91e89e23e53ab15bc961c144b6e778ac\">Jorge es un \u00e1vido implementador de nuevas tecnolog\u00edas y un integrador experto de soluciones de contabilidad basadas en servicios en la \u201cnube\u201d para peque\u00f1as y medianas empresas. \u00c9l tambi\u00e9n es un QuickBooks Pro Advisor.<\/p>\n\n<\/div>\n<\/div>\n\n\n<div style=\"height:100px\" aria-hidden=\"true\" class=\"wp-block-spacer\"><\/div>\n\n\n\n<p><\/p>\n","protected":false},"excerpt":{"rendered":"<p>Webinar: C\u00f3mo Manejar los Impuestos a las Ventas para eCommerce (Shopify, Amazon, etc.) Descubre c\u00f3mo manejar los impuestos a las ventas en Shopify, Amazon y m\u00e1s Si vendes productos en l\u00ednea, comprender los impuestos a las ventas (Sales Tax) y el \u00abNexus\u00bb es clave para operar legalmente y optimizar tus finanzas. En este webinar exclusivo, &#8230; <a title=\"C\u00f3mo Manejar los Impuestos a las Ventas para eCommerce (Shopify, Amazon, etc.)\" class=\"read-more\" href=\"https:\/\/gbsgroup.net\/es\/webinar-como-manejar-los-impuestos-a-las-ventas-para-ecommerce\/\" aria-label=\"Leer m\u00e1s sobre C\u00f3mo Manejar los Impuestos a las Ventas para eCommerce (Shopify, Amazon, etc.)\">Leer m\u00e1s<\/a><\/p>\n","protected":false},"author":3,"featured_media":6072,"parent":0,"menu_order":0,"comment_status":"closed","ping_status":"closed","template":"","meta":{"content-type":"","inline_featured_image":false,"footnotes":""},"class_list":["post-6317","page","type-page","status-publish","has-post-thumbnail"],"_links":{"self":[{"href":"https:\/\/gbsgroup.net\/es\/wp-json\/wp\/v2\/pages\/6317","targetHints":{"allow":["GET"]}}],"collection":[{"href":"https:\/\/gbsgroup.net\/es\/wp-json\/wp\/v2\/pages"}],"about":[{"href":"https:\/\/gbsgroup.net\/es\/wp-json\/wp\/v2\/types\/page"}],"author":[{"embeddable":true,"href":"https:\/\/gbsgroup.net\/es\/wp-json\/wp\/v2\/users\/3"}],"replies":[{"embeddable":true,"href":"https:\/\/gbsgroup.net\/es\/wp-json\/wp\/v2\/comments?post=6317"}],"version-history":[{"count":0,"href":"https:\/\/gbsgroup.net\/es\/wp-json\/wp\/v2\/pages\/6317\/revisions"}],"wp:featuredmedia":[{"embeddable":true,"href":"https:\/\/gbsgroup.net\/es\/wp-json\/wp\/v2\/media\/6072"}],"wp:attachment":[{"href":"https:\/\/gbsgroup.net\/es\/wp-json\/wp\/v2\/media?parent=6317"}],"curies":[{"name":"wp","href":"https:\/\/api.w.org\/{rel}","templated":true}]}}