{"id":6162,"date":"2024-12-11T18:02:24","date_gmt":"2024-12-11T18:02:24","guid":{"rendered":"https:\/\/gbsgroup.net\/?page_id=6162"},"modified":"2024-12-27T17:21:43","modified_gmt":"2024-12-27T17:21:43","slug":"impuestos-para-expatriados-reduce-tu-carga-fiscal-en-estados-unidos","status":"publish","type":"page","link":"https:\/\/gbsgroup.net\/es\/impuestos-para-expatriados-reduce-tu-carga-fiscal-en-estados-unidos\/","title":{"rendered":"Impuestos para Expatriados: Lo que no te dicen sobre impuestos cuando te mudas a USA."},"content":{"rendered":"<div class=\"gb-container gb-container-a683b2f0\">\n\n<h6 class=\"wp-block-heading\" style=\"font-size:26px;font-style:normal;font-weight:700;letter-spacing:px\">Impuestos para Expatriados: Lo que no te dicen sobre impuestos cuando te mudas a USA<\/h6>\n\n\n\n<p class=\"has-contrast-color has-text-color has-link-color wp-elements-8bd9a8292469f09138f3056a0210ec88\" style=\"font-size:16px\">\u00bfEres un expat viviendo en USA?&nbsp;<\/p>\n\n\n\n<p class=\"has-contrast-color has-text-color has-link-color wp-elements-151fa47cbb94d36e261bd711491c52e9\" style=\"font-size:16px\">Muchas veces su empresa los trae con visas de trabajo y los deja en la oscuridad sobre los impactos de impuestos.<\/p>\n\n\n\n<p class=\"has-contrast-color has-text-color has-link-color wp-elements-a8c319f1d9b0c9bc167adeca617c12fb\" style=\"font-size:16px\">Todos los a\u00f1os preparamos m\u00e1s de 400 declaraciones de impuestos y trabajamos Expats de compa\u00f1\u00edas peque\u00f1as y multinacionales para ayudarlos a estar en cumplimiento y entender lo que est\u00e1n pagando.<br><br>En este seminario estaremos conversando sobre temas de impuestos en USA que afectan a personas que se mudan a USA para trabajar en una empresa.<br><br><\/p>\n\n\n\n<p class=\"has-contrast-color has-text-color has-link-color wp-elements-7a82b247222996319a5a52e65428de4f\" style=\"font-size:16px\"><strong>\u00bfQu\u00e9 aprender\u00e1s en este webinar?<\/strong><br><\/p>\n\n\n\n<p class=\"has-contrast-color has-text-color has-link-color wp-elements-ec7165a2a935fccdecf6ecb1dd70c403\" style=\"font-size:16px\">&nbsp;&#8211; Como el estatus migratorio afecta sus impuestos<\/p>\n\n\n\n<p class=\"has-contrast-color has-text-color has-link-color wp-elements-9a5f91f70089b4d21e0578a399911b52\" style=\"font-size:16px\">&nbsp;&#8211; Cuando uno se convierte en Residente Fiscal y la Prueba de presencia sustancial<\/p>\n\n\n\n<p class=\"has-contrast-color has-text-color has-link-color wp-elements-a4fb9e906158ff69528039e8f66b2c5a\" style=\"font-size:16px\">&nbsp;&#8211; Requisitos de reportar sus ingresos, bienes y cuentas fuera de USA<\/p>\n\n\n\n<p class=\"has-contrast-color has-text-color has-link-color wp-elements-7a92b3fd2e981ad70bec02cd6439dc41\" style=\"font-size:16px\">&nbsp;&#8211; Su primer y \u00faltimo a\u00f1o como residente<\/p>\n\n\n\n<p class=\"has-contrast-color has-text-color has-link-color wp-elements-cbb28801a506fc8ca99aa77b74712dfb\" style=\"font-size:16px\">&nbsp;&#8211; Impuestos sucesorales para personas en visas<\/p>\n\n\n\n<p class=\"has-contrast-color has-text-color has-link-color wp-elements-c8158558ff7e65d0e93190cc55b66730\" style=\"font-size:16px\">&nbsp;&#8211; C\u00f3mo funcionan \u201cTax Equalization\u201d con mi empresa<\/p>\n\n\n\n<p class=\"has-contrast-color has-text-color has-link-color wp-elements-4cf7dd4fe8d394374ab600ee4d956e03\" style=\"font-size:16px\">&nbsp;&#8211; Temas administrativos (ITIN, Child Tax Credit)<\/p>\n\n\n\n<p class=\"has-contrast-color has-text-color has-link-color wp-elements-9d27c0842d4b048e939895ed1a86232c\" style=\"font-size:16px\">&nbsp;&#8211; Puedo reclamar Social Security y mis cuentas de retiro si me devuelvo a mi pa\u00eds?<br><\/p>\n\n\n\n<p class=\"has-contrast-color has-text-color has-link-color wp-elements-5664a7102dadec77fe89d642e2052b53\" style=\"font-size:16px\">No importa si eres un reciente expatriado o si llevas a\u00f1os fuera de Estados Unidos, este webinar est\u00e1 dise\u00f1ado para proporcionar la claridad y confianza que necesitas para gestionar tus impuestos de manera eficiente y segura.&nbsp;<br><br><\/p>\n\n\n\n<ul class=\"wp-block-list\">\n<li class=\"has-contrast-color has-text-color has-link-color wp-elements-e3c4a7519ba27481ae2cfd32e9fc9594\" style=\"font-size:16px\"><strong>Fecha:<\/strong> Martes 7 de Enero 2025<\/li>\n\n\n\n<li class=\"has-contrast-color has-text-color has-link-color wp-elements-0088cce3f87f42205da5c8c3ec14c335\" style=\"font-size:16px\"><strong>Hora: <\/strong>11 AM Hora del Este (EST)<br><br><\/li>\n<\/ul>\n\n\n<div class=\"gb-container gb-container-26533925\">\n\n<p class=\"has-contrast-color has-text-color has-link-color wp-elements-a5ca9b468521de198fd38cde086e4f92\"><strong>Reg\u00edstrate al webinar completando el siguiente formulario:<\/strong><br><\/p>\n\n<\/div>\n<\/div>\n\n\n<div class=\"wp-block-columns are-vertically-aligned-center is-layout-flex wp-container-core-columns-is-layout-9d6595d7 wp-block-columns-is-layout-flex\">\n<div class=\"wp-block-column is-vertically-aligned-center is-layout-flow wp-block-column-is-layout-flow\" style=\"flex-basis:60%\"><div class=\"gb-container gb-container-9a8f9569\">\n<div class=\"gb-container gb-container-8f6fe50d\">\n\n<div class=\"wp-block-leadin-hubspot-form-block\">\n\t\t\t\t\t\t<script>\n\t\t\t\t\t\t\twindow.hsFormsOnReady = window.hsFormsOnReady || [];\n\t\t\t\t\t\t\twindow.hsFormsOnReady.push(()=>{\n\t\t\t\t\t\t\t\thbspt.forms.create({\n\t\t\t\t\t\t\t\t\tportalId: 8238203,\n\t\t\t\t\t\t\t\t\tformId: \"f8ffa53c-4bde-4963-aca6-e41b1cc4ae6a\",\n\t\t\t\t\t\t\t\t\ttarget: \"#hbspt-form-1775740187000-6647768100\",\n\t\t\t\t\t\t\t\t\tregion: \"na1\",\n\t\t\t\t\t\t\t\t\t\n\t\t\t\t\t\t\t})});\n\t\t\t\t\t\t<\/script>\n\t\t\t\t\t\t<div class=\"hbspt-form\" id=\"hbspt-form-1775740187000-6647768100\"><\/div><\/div>\n\n<\/div>\n<\/div><\/div>\n<\/div>\n\n\n<div class=\"gb-container gb-container-849b86d0\">\n\n<p class=\"has-contrast-color has-text-color has-link-color wp-elements-6666600170ff330c43f604a53be985cb\"><strong>Presentado por:<\/strong><\/p>\n\n\n\n<figure class=\"gb-block-image gb-block-image-9e95ea05\"><img loading=\"lazy\" decoding=\"async\" width=\"1080\" height=\"1620\" class=\"gb-image gb-image-9e95ea05\" src=\"https:\/\/gbsgroup.net\/wp-content\/uploads\/2024\/09\/GBS-3-scaled-1.webp\" alt=\"\" title=\"GBS-3-scaled\" srcset=\"https:\/\/gbsgroup.net\/wp-content\/uploads\/2024\/09\/GBS-3-scaled-1.webp 1080w, https:\/\/gbsgroup.net\/wp-content\/uploads\/2024\/09\/GBS-3-scaled-1-200x300.webp 200w, https:\/\/gbsgroup.net\/wp-content\/uploads\/2024\/09\/GBS-3-scaled-1-683x1024.webp 683w, https:\/\/gbsgroup.net\/wp-content\/uploads\/2024\/09\/GBS-3-scaled-1-768x1152.webp 768w, https:\/\/gbsgroup.net\/wp-content\/uploads\/2024\/09\/GBS-3-scaled-1-1024x1536.webp 1024w\" sizes=\"auto, (max-width: 1080px) 100vw, 1080px\" \/><\/figure>\n\n<\/div>\n\n<div class=\"gb-container gb-container-80239fc5\">\n<div class=\"gb-container gb-container-6192f6ee\">\n\n<p class=\"has-contrast-color has-text-color has-link-color wp-elements-b8f02b99e38f47f98704928e9e94e15e\"><strong>Jorge Fernandez<\/strong><\/p>\n\n\n\n<p class=\"has-contrast-color has-text-color has-link-color wp-elements-84b8c1cf033fc70821b21f00711bb08f\"><em>CEO, GBS Group<\/em><\/p>\n\n\n\n<p class=\"has-contrast-color has-text-color has-link-color wp-elements-2f3651df4b36584bdaa2bfb8a1ffd6cc\">Jorge Fern\u00e1ndez es un ambicioso joven emprendedor, innovador y l\u00edder. Es el actual CEO de GBS Group.<\/p>\n\n\n\n<p class=\"has-contrast-color has-text-color has-link-color wp-elements-0e0d69e12e0f33467b329601b3b702c8\">El Sr. Fern\u00e1ndez tiene una Licenciatura en Administraci\u00f3n de Empresas con \u00e9nfasis en Contabilidad y Sistemas de Informaci\u00f3n de Gesti\u00f3n, y m\u00e1s de 10 a\u00f1os de experiencia en tecnolog\u00eda de la informaci\u00f3n para peque\u00f1as y medianas empresas.<\/p>\n\n\n\n<p class=\"has-contrast-color has-text-color has-link-color wp-elements-91e89e23e53ab15bc961c144b6e778ac\">Jorge es un \u00e1vido implementador de nuevas tecnolog\u00edas y un integrador experto de soluciones de contabilidad basadas en servicios en la \u201cnube\u201d para peque\u00f1as y medianas empresas. \u00c9l tambi\u00e9n es un QuickBooks Pro Advisor.<\/p>\n\n<\/div>\n<\/div>\n\n\n<div style=\"height:100px\" aria-hidden=\"true\" class=\"wp-block-spacer\"><\/div>\n","protected":false},"excerpt":{"rendered":"<p>Impuestos para Expatriados: Lo que no te dicen sobre impuestos cuando te mudas a USA \u00bfEres un expat viviendo en USA?&nbsp; Muchas veces su empresa los trae con visas de trabajo y los deja en la oscuridad sobre los impactos de impuestos. Todos los a\u00f1os preparamos m\u00e1s de 400 declaraciones de impuestos y trabajamos Expats &#8230; <a title=\"Impuestos para Expatriados: Lo que no te dicen sobre impuestos cuando te mudas a USA.\" class=\"read-more\" href=\"https:\/\/gbsgroup.net\/es\/impuestos-para-expatriados-reduce-tu-carga-fiscal-en-estados-unidos\/\" aria-label=\"Leer m\u00e1s sobre Impuestos para Expatriados: Lo que no te dicen sobre impuestos cuando te mudas a USA.\">Leer m\u00e1s<\/a><\/p>\n","protected":false},"author":3,"featured_media":6072,"parent":0,"menu_order":0,"comment_status":"closed","ping_status":"closed","template":"","meta":{"content-type":"","inline_featured_image":false,"footnotes":""},"class_list":["post-6162","page","type-page","status-publish","has-post-thumbnail"],"_links":{"self":[{"href":"https:\/\/gbsgroup.net\/es\/wp-json\/wp\/v2\/pages\/6162","targetHints":{"allow":["GET"]}}],"collection":[{"href":"https:\/\/gbsgroup.net\/es\/wp-json\/wp\/v2\/pages"}],"about":[{"href":"https:\/\/gbsgroup.net\/es\/wp-json\/wp\/v2\/types\/page"}],"author":[{"embeddable":true,"href":"https:\/\/gbsgroup.net\/es\/wp-json\/wp\/v2\/users\/3"}],"replies":[{"embeddable":true,"href":"https:\/\/gbsgroup.net\/es\/wp-json\/wp\/v2\/comments?post=6162"}],"version-history":[{"count":0,"href":"https:\/\/gbsgroup.net\/es\/wp-json\/wp\/v2\/pages\/6162\/revisions"}],"wp:featuredmedia":[{"embeddable":true,"href":"https:\/\/gbsgroup.net\/es\/wp-json\/wp\/v2\/media\/6072"}],"wp:attachment":[{"href":"https:\/\/gbsgroup.net\/es\/wp-json\/wp\/v2\/media?parent=6162"}],"curies":[{"name":"wp","href":"https:\/\/api.w.org\/{rel}","templated":true}]}}