{"id":6029,"date":"2024-12-04T16:45:13","date_gmt":"2024-12-04T16:45:13","guid":{"rendered":"https:\/\/gbsgroup.net\/?page_id=6029"},"modified":"2024-12-10T00:10:58","modified_gmt":"2024-12-10T00:10:58","slug":"guia-practica-para-la-formulacion-de-un-plan-de-negocios","status":"publish","type":"page","link":"https:\/\/gbsgroup.net\/es\/guia-practica-para-la-formulacion-de-un-plan-de-negocios\/","title":{"rendered":"Gu\u00eda pr\u00e1ctica para la formulaci\u00f3n de un plan de negocios"},"content":{"rendered":"\n<div style=\"height:20px\" aria-hidden=\"true\" class=\"wp-block-spacer\"><\/div>\n\n\n<div class=\"gb-container gb-container-697d2034\">\n<h2 style=\"font-style:normal;font-weight:600;\" class=\"has-link-color wp-elements-fb295509a625007253f7027f4f7b8542 wp-block-post-title has-text-color has-gbs-blue-color has-large-font-size\">Gu\u00eda pr\u00e1ctica para la formulaci\u00f3n de un plan de negocios<\/h2>\n\n\n<p>Completa el siguiente formulario y accede a la <em>Gu\u00eda pr\u00e1ctica para la formulaci\u00f3n de un plan de negocios<\/em><\/p>\n\n<\/div>\n\n\n<div class=\"wp-block-columns are-vertically-aligned-center is-layout-flex wp-container-core-columns-is-layout-9d6595d7 wp-block-columns-is-layout-flex\">\n<div class=\"wp-block-column is-vertically-aligned-center is-layout-flow wp-block-column-is-layout-flow\" style=\"flex-basis:60%\"><div class=\"gb-container gb-container-2d464354\">\n\n<div class=\"wp-block-leadin-hubspot-form-block\">\n\t\t\t\t\t\t<script>\n\t\t\t\t\t\t\twindow.hsFormsOnReady = window.hsFormsOnReady || [];\n\t\t\t\t\t\t\twindow.hsFormsOnReady.push(()=>{\n\t\t\t\t\t\t\t\thbspt.forms.create({\n\t\t\t\t\t\t\t\t\tportalId: 8238203,\n\t\t\t\t\t\t\t\t\tformId: \"3ef7bb8b-4fd3-4696-b09a-847c46e384d6\",\n\t\t\t\t\t\t\t\t\ttarget: \"#hbspt-form-1776200068000-9819646476\",\n\t\t\t\t\t\t\t\t\tregion: \"na1\",\n\t\t\t\t\t\t\t\t\t\n\t\t\t\t\t\t\t})});\n\t\t\t\t\t\t<\/script>\n\t\t\t\t\t\t<div class=\"hbspt-form\" id=\"hbspt-form-1776200068000-9819646476\"><\/div><\/div>\n\n<\/div><\/div>\n<\/div>\n\n\n\n<div class=\"wp-block-columns is-layout-flex wp-container-core-columns-is-layout-9d6595d7 wp-block-columns-is-layout-flex\"><\/div>\n","protected":false},"excerpt":{"rendered":"<p>Completa el siguiente formulario y accede a la Gu\u00eda pr\u00e1ctica para la formulaci\u00f3n de un plan de negocios<\/p>\n","protected":false},"author":3,"featured_media":0,"parent":0,"menu_order":0,"comment_status":"closed","ping_status":"closed","template":"","meta":{"content-type":"","inline_featured_image":false,"footnotes":""},"class_list":["post-6029","page","type-page","status-publish"],"_links":{"self":[{"href":"https:\/\/gbsgroup.net\/es\/wp-json\/wp\/v2\/pages\/6029","targetHints":{"allow":["GET"]}}],"collection":[{"href":"https:\/\/gbsgroup.net\/es\/wp-json\/wp\/v2\/pages"}],"about":[{"href":"https:\/\/gbsgroup.net\/es\/wp-json\/wp\/v2\/types\/page"}],"author":[{"embeddable":true,"href":"https:\/\/gbsgroup.net\/es\/wp-json\/wp\/v2\/users\/3"}],"replies":[{"embeddable":true,"href":"https:\/\/gbsgroup.net\/es\/wp-json\/wp\/v2\/comments?post=6029"}],"version-history":[{"count":0,"href":"https:\/\/gbsgroup.net\/es\/wp-json\/wp\/v2\/pages\/6029\/revisions"}],"wp:attachment":[{"href":"https:\/\/gbsgroup.net\/es\/wp-json\/wp\/v2\/media?parent=6029"}],"curies":[{"name":"wp","href":"https:\/\/api.w.org\/{rel}","templated":true}]}}