{"id":6001,"date":"2024-11-18T18:56:53","date_gmt":"2024-11-18T18:56:53","guid":{"rendered":"https:\/\/gbsgroup.net\/tarifas-por-hora\/"},"modified":"2024-11-18T19:00:44","modified_gmt":"2024-11-18T19:00:44","slug":"tarifas-por-hora","status":"publish","type":"page","link":"https:\/\/gbsgroup.net\/es\/tarifas-por-hora\/","title":{"rendered":"Tarifas por hora"},"content":{"rendered":"\n<p>Nuestras tarifas por hora est\u00e1ndar actualmente son:<\/p>\n\n<ol class=\"wp-block-list\">\n<li>Bookkeeping\/Admin: $85\/hr<\/li>\n\n\n\n<li>Junior Accountant: $150\/hr<\/li>\n\n\n\n<li>Senior Accountant: $200\/hr<\/li>\n\n\n\n<li>Manager\/Director\/Partner: $300\/hr<\/li>\n<\/ol>\n\n<p>Los servicios que se brindan por horas est\u00e1n sujetos a nuestro <a href=\"https:\/\/gbsgroup.net\/master-services-agreement\/\">Acuerdo Maestro de Servicios (MSA)<\/a>. Estas tarifas est\u00e1n sujetas a cambios en cualquier momento y pueden modificarse seg\u00fan cada caso.<\/p>\n\n<div style=\"height:100px\" aria-hidden=\"true\" class=\"wp-block-spacer\"><\/div>\n","protected":false},"excerpt":{"rendered":"<p>Nuestras tarifas por hora est\u00e1ndar actualmente son: Los servicios que se brindan por horas est\u00e1n sujetos a nuestro Acuerdo Maestro de Servicios (MSA). Estas tarifas est\u00e1n sujetas a cambios en cualquier momento y pueden modificarse seg\u00fan cada caso.<\/p>\n","protected":false},"author":3,"featured_media":0,"parent":0,"menu_order":0,"comment_status":"closed","ping_status":"closed","template":"","meta":{"content-type":"","inline_featured_image":false,"footnotes":""},"class_list":["post-6001","page","type-page","status-publish"],"_links":{"self":[{"href":"https:\/\/gbsgroup.net\/es\/wp-json\/wp\/v2\/pages\/6001","targetHints":{"allow":["GET"]}}],"collection":[{"href":"https:\/\/gbsgroup.net\/es\/wp-json\/wp\/v2\/pages"}],"about":[{"href":"https:\/\/gbsgroup.net\/es\/wp-json\/wp\/v2\/types\/page"}],"author":[{"embeddable":true,"href":"https:\/\/gbsgroup.net\/es\/wp-json\/wp\/v2\/users\/3"}],"replies":[{"embeddable":true,"href":"https:\/\/gbsgroup.net\/es\/wp-json\/wp\/v2\/comments?post=6001"}],"version-history":[{"count":0,"href":"https:\/\/gbsgroup.net\/es\/wp-json\/wp\/v2\/pages\/6001\/revisions"}],"wp:attachment":[{"href":"https:\/\/gbsgroup.net\/es\/wp-json\/wp\/v2\/media?parent=6001"}],"curies":[{"name":"wp","href":"https:\/\/api.w.org\/{rel}","templated":true}]}}