{"id":3260,"date":"2024-09-01T10:06:32","date_gmt":"2024-09-01T10:06:32","guid":{"rendered":"https:\/\/gbsgroup.net\/?page_id=3260"},"modified":"2024-11-05T22:21:09","modified_gmt":"2024-11-05T22:21:09","slug":"quienes-somos","status":"publish","type":"page","link":"https:\/\/gbsgroup.net\/es\/quienes-somos\/","title":{"rendered":"Quienes Somos"},"content":{"rendered":"<div class=\"gb-container gb-container-1e78c7fb\">\n<div class=\"gb-container gb-container-1d9713c0\">\n<h1 class=\"gb-headline gb-headline-9320ad21 gb-headline-text\">Quienes Somos<\/h1>\n<\/div>\n<\/div>\n\n<div class=\"gb-container gb-container-a0c0d683\">\n<div class=\"gb-container gb-container-8c4b0457\">\n\n<h2 class=\"gb-headline gb-headline-0ebb0dec gb-headline-text\">Soluciones integrales para negocios locales y globales<\/h2>\n\n\n<div class=\"gb-container gb-container-b8c9fee8\">\n<div class=\"gb-grid-wrapper gb-grid-wrapper-52dd9671\">\n<div class=\"gb-grid-column gb-grid-column-9bad4d29\"><div class=\"gb-container gb-container-9bad4d29\">\n<div class=\"gb-container gb-container-b9417b67\">\n\n<figure class=\"gb-block-image gb-block-image-2e29f121\"><img loading=\"lazy\" decoding=\"async\" width=\"64\" height=\"64\" class=\"gb-image gb-image-2e29f121\" src=\"https:\/\/gbsgroup.net\/wp-content\/uploads\/2024\/09\/icon-financial.webp\" alt=\"\" title=\"icon-financial\"\/><\/figure>\n\n<\/div>\n\n<div class=\"gb-container gb-container-69ce222b\">\n\n<h3 class=\"gb-headline gb-headline-d6e48a3c gb-headline-text\">Servicios Financieros y Fiscales<\/h3>\n\n\n\n<p class=\"gb-headline gb-headline-1b9f8097 gb-headline-text\">Ofrecemos diversos servicios financieros y fiscales. Le ayudamos a comprender los n\u00fameros de su empresa y a usarlos para alcanzar sus metas y hacer crecer su negocio.<\/p>\n\n<\/div>\n<\/div><\/div>\n\n<div class=\"gb-grid-column gb-grid-column-3bd9382d\"><div class=\"gb-container gb-container-3bd9382d\">\n<div class=\"gb-container gb-container-37d2805f\">\n\n<figure class=\"gb-block-image gb-block-image-f61631eb\"><img loading=\"lazy\" decoding=\"async\" width=\"64\" height=\"64\" class=\"gb-image gb-image-f61631eb\" src=\"https:\/\/gbsgroup.net\/wp-content\/uploads\/2024\/09\/icon-briefcase.webp\" alt=\"\" title=\"icon-briefcase\"\/><\/figure>\n\n<\/div>\n\n<div class=\"gb-container gb-container-a50970d1\">\n\n<h3 class=\"gb-headline gb-headline-f4b28f81 gb-headline-text\">Consultor\u00eda de Negocios<\/h3>\n\n\n\n<p class=\"gb-headline gb-headline-cd4be6a1 gb-headline-text\">Lo ayudamos a establecer est\u00e1ndares que permitan alcanzar la excelencia administrativa, operativa, tecnol\u00f3gica, organizacional y estrat\u00e9gica de su empresa.<\/p>\n\n<\/div>\n<\/div><\/div>\n\n<div class=\"gb-grid-column gb-grid-column-c48a028e\"><div class=\"gb-container gb-container-c48a028e\">\n<div class=\"gb-container gb-container-747d9600\">\n\n<figure class=\"gb-block-image gb-block-image-f3b4594e\"><img loading=\"lazy\" decoding=\"async\" width=\"64\" height=\"64\" class=\"gb-image gb-image-f3b4594e\" src=\"https:\/\/gbsgroup.net\/wp-content\/uploads\/2024\/09\/icon-rocket.webp\" alt=\"\" title=\"icon-rocket\"\/><\/figure>\n\n<\/div>\n\n<div class=\"gb-container gb-container-d88e795f\">\n\n<h3 class=\"gb-headline gb-headline-6757c5df gb-headline-text\">Arranque de Negocios<\/h3>\n\n\n\n<p class=\"gb-headline gb-headline-674a306d gb-headline-text\">Nuestro equipo ha trabajado con miles de emprendedores y propietarios de negocios a poner en marcha sus negocios en los Estados Unidos de Am\u00e9rica.<\/p>\n\n<\/div>\n<\/div><\/div>\n<\/div>\n<\/div>\n<\/div>\n<\/div>\n\n<div class=\"gb-container gb-container-d6e4a74d\">\n<div class=\"gb-container gb-container-98d37bc8\">\n<div class=\"gb-container gb-container-2179410a\">\n<div class=\"gb-grid-wrapper gb-grid-wrapper-c1d18dd5\">\n<div class=\"gb-grid-column gb-grid-column-e7993683\"><div class=\"gb-container gb-container-e7993683\">\n\n<h2 class=\"gb-headline gb-headline-d8aea7a5 gb-headline-text\">Nuestro Enfoque<\/h2>\n\n\n\n<p class=\"gb-headline gb-headline-946c9690 gb-headline-text\">Promoci\u00f3n de oportunidades a trav\u00e9s de una perspectiva de \u00abvisi\u00f3n amplia\u00bb: as\u00ed es como lo ayudamos a transformar su negocio. Nuestra filosof\u00eda est\u00e1 profundamente arraigada en la comprensi\u00f3n de que vivimos en una econom\u00eda global e hipercompetitiva y que, ahora m\u00e1s que nunca, las empresas requieren soluciones sobresalientes e integrales. Los datos emp\u00edricos muestran que las empresas, incluso las peque\u00f1as, son retadas por la tecnolog\u00eda, los competidores globales, la mano de obra calificada y el cambio implacable. Nuestro enfoque brinda ventajas competitivas a trav\u00e9s de perspectivas globales y el conocimiento local. Desde 2000, GBS Group se ha asociado con sus clientes, ayud\u00e1ndoles a anticipar e impulsar el cambio comercial.<\/p>\n\n<\/div><\/div>\n\n<div class=\"gb-grid-column gb-grid-column-281f16de\"><div class=\"gb-container gb-container-281f16de\">\n\n<h2 class=\"gb-headline gb-headline-db488768 gb-headline-text\">Una empresa de servicios completos de consultor\u00eda<\/h2>\n\n\n\n<p class=\"gb-headline gb-headline-1a6dbd04 gb-headline-text\">GBS Group es un equipo de consultor\u00eda empresarial que ofrece asesoramiento integral en m\u00faltiples \u00e1reas de una empresa. Ayudamos a las peque\u00f1as y medianas empresas a recopilar inteligencia de mercado, establecer sistemas comerciales, capacitar y reubicar el talento estrat\u00e9gico, y construir estructuras financieras s\u00f3lidas que puedan respaldar el crecimiento. En GBS Group, hemos construido nuestra propia metodolog\u00eda y lo hemos probado una y otra vez. Nuestro enfoque se centra en aprovechar los datos globales, recopilar informaci\u00f3n local y crear sistemas dise\u00f1ados para ajustarse a sus objetivos.<\/p>\n\n<\/div><\/div>\n<\/div>\n<\/div>\n<\/div>\n<\/div>\n\n<div class=\"gb-container gb-container-a0b63fc1\">\n<div class=\"gb-container gb-container-543ffba0\">\n\n<h2 class=\"gb-headline gb-headline-37b4df6d gb-headline-text\">Directiva<\/h2>\n\n\n<div class=\"gb-grid-wrapper gb-grid-wrapper-01d09c34\">\n<div class=\"gb-grid-column gb-grid-column-5ac14c06\"><div class=\"gb-container gb-container-5ac14c06\">\n<div class=\"gb-container gb-container-1ec769ef\">\n\n<figure class=\"gb-block-image gb-block-image-8dd1ad42\"><img loading=\"lazy\" decoding=\"async\" width=\"1080\" height=\"1620\" class=\"gb-image gb-image-8dd1ad42\" src=\"https:\/\/gbsgroup.net\/wp-content\/uploads\/2024\/09\/GBS-3-scaled-1.webp\" alt=\"\" title=\"GBS-3-scaled\" srcset=\"https:\/\/gbsgroup.net\/wp-content\/uploads\/2024\/09\/GBS-3-scaled-1.webp 1080w, https:\/\/gbsgroup.net\/wp-content\/uploads\/2024\/09\/GBS-3-scaled-1-200x300.webp 200w, https:\/\/gbsgroup.net\/wp-content\/uploads\/2024\/09\/GBS-3-scaled-1-683x1024.webp 683w, https:\/\/gbsgroup.net\/wp-content\/uploads\/2024\/09\/GBS-3-scaled-1-768x1152.webp 768w, https:\/\/gbsgroup.net\/wp-content\/uploads\/2024\/09\/GBS-3-scaled-1-1024x1536.webp 1024w\" sizes=\"auto, (max-width: 1080px) 100vw, 1080px\" \/><\/figure>\n\n<\/div>\n\n<div class=\"gb-container gb-container-ad4892ce\">\n\n<h3 class=\"gb-headline gb-headline-68390dec gb-headline-text\">Jorge Fernandez<\/h3>\n\n\n\n<p class=\"gb-headline gb-headline-0b48c532 gb-headline-text\">CEO<\/p>\n\n\n<div class=\"gb-container gb-container-9de6aff8\"><a class=\"gb-container-link\" href=\"https:\/\/www.linkedin.com\/in\/jorgefer\" rel=\"noopener noreferrer\" target=\"_blank\"><\/a>\n\n<div class=\"gb-headline gb-headline-de312ee5\"><span class=\"gb-icon\"><svg aria-hidden=\"true\" role=\"img\" height=\"1em\" width=\"1em\" viewBox=\"0 0 448 512\" xmlns=\"http:\/\/www.w3.org\/2000\/svg\"><path fill=\"currentColor\" d=\"M100.28 448H7.4V148.9h92.88zM53.79 108.1C24.09 108.1 0 83.5 0 53.8a53.79 53.79 0 0 1 107.58 0c0 29.7-24.1 54.3-53.79 54.3zM447.9 448h-92.68V302.4c0-34.7-.7-79.2-48.29-79.2-48.29 0-55.69 37.7-55.69 76.7V448h-92.78V148.9h89.08v40.8h1.3c12.4-23.5 42.69-48.3 87.88-48.3 94 0 111.28 61.9 111.28 142.3V448z\"><\/path><\/svg><\/span><\/div>\n\n<\/div>\n<\/div>\n\n\n<p class=\"gb-headline gb-headline-fa35b5e5 gb-headline-text\">Jorge Fern\u00e1ndez es un ambicioso joven emprendedor, innovador y l\u00edder. Es el actual CEO de GBS Group, un grupo de compa\u00f1\u00edas especializadas en consultor\u00eda de arranque de negocios, asesor\u00eda financiera y tributaria, y administraci\u00f3n comercial.<\/p>\n\n\n\n<p class=\"gb-headline gb-headline-b4dd9307 gb-headline-text\">Jorge tiene una Licenciatura en Administraci\u00f3n de Empresas con \u00e9nfasis en Contabilidad y Sistemas de Informaci\u00f3n de Gesti\u00f3n, y m\u00e1s de 10 a\u00f1os de experiencia en tecnolog\u00eda de la informaci\u00f3n para peque\u00f1as y medianas empresas.<\/p>\n\n\n\n<p class=\"gb-headline gb-headline-fed8a93a gb-headline-text\">\u00c9l es un \u00e1vido implementador de nuevas tecnolog\u00edas y un integrador experto de soluciones de contabilidad basadas en servicios en la \u201cnube\u201d para peque\u00f1as y medianas empresas. \u00c9l tambi\u00e9n es un QuickBooks Pro Advisor.<\/p>\n\n<\/div><\/div>\n\n<div class=\"gb-grid-column gb-grid-column-f563def5\"><div class=\"gb-container gb-container-f563def5\">\n<div class=\"gb-container gb-container-8fc8f648\">\n\n<figure class=\"gb-block-image gb-block-image-e940913e\"><img loading=\"lazy\" decoding=\"async\" width=\"1080\" height=\"1620\" class=\"gb-image gb-image-e940913e\" src=\"https:\/\/gbsgroup.net\/wp-content\/uploads\/2024\/09\/GBS-98-scaled-1.webp\" alt=\"\" title=\"GBS-98-scaled\" srcset=\"https:\/\/gbsgroup.net\/wp-content\/uploads\/2024\/09\/GBS-98-scaled-1.webp 1080w, https:\/\/gbsgroup.net\/wp-content\/uploads\/2024\/09\/GBS-98-scaled-1-200x300.webp 200w, https:\/\/gbsgroup.net\/wp-content\/uploads\/2024\/09\/GBS-98-scaled-1-683x1024.webp 683w, https:\/\/gbsgroup.net\/wp-content\/uploads\/2024\/09\/GBS-98-scaled-1-768x1152.webp 768w, https:\/\/gbsgroup.net\/wp-content\/uploads\/2024\/09\/GBS-98-scaled-1-1024x1536.webp 1024w\" sizes=\"auto, (max-width: 1080px) 100vw, 1080px\" \/><\/figure>\n\n<\/div>\n\n<div class=\"gb-container gb-container-86eddadc\">\n\n<h3 class=\"gb-headline gb-headline-5d7b50db gb-headline-text\">Maria Antonietta Diaz<\/h3>\n\n\n\n<p class=\"gb-headline gb-headline-7bf05c8d gb-headline-text\">Fundadora \/ Directora<\/p>\n\n\n<div class=\"gb-container gb-container-8c0fc041\"><a class=\"gb-container-link\" href=\"https:\/\/www.linkedin.com\/in\/mariaantoniettadiaz\/\" rel=\"noopener noreferrer\" target=\"_blank\"><\/a>\n\n<div class=\"gb-headline gb-headline-28defec5\"><span class=\"gb-icon\"><svg aria-hidden=\"true\" role=\"img\" height=\"1em\" width=\"1em\" viewBox=\"0 0 448 512\" xmlns=\"http:\/\/www.w3.org\/2000\/svg\"><path fill=\"currentColor\" d=\"M100.28 448H7.4V148.9h92.88zM53.79 108.1C24.09 108.1 0 83.5 0 53.8a53.79 53.79 0 0 1 107.58 0c0 29.7-24.1 54.3-53.79 54.3zM447.9 448h-92.68V302.4c0-34.7-.7-79.2-48.29-79.2-48.29 0-55.69 37.7-55.69 76.7V448h-92.78V148.9h89.08v40.8h1.3c12.4-23.5 42.69-48.3 87.88-48.3 94 0 111.28 61.9 111.28 142.3V448z\"><\/path><\/svg><\/span><\/div>\n\n<\/div>\n<\/div>\n\n\n<p class=\"gb-headline gb-headline-96eac30a gb-headline-text\">Maria Antonietta Diaz es una experimentada consultora de negocios y activista comunitaria. Es cofundadora y directora ejecutiva de GBS Group, una firma de consultor\u00eda empresarial para empresarios, due\u00f1os de negocios, ejecutivos e inversionistas extranjeros.<\/p>\n\n\n\n<p class=\"gb-headline gb-headline-943e0ba7 gb-headline-text\">Mar\u00eda D\u00edaz tiene una Licenciatura y Maestr\u00eda en Contabilidad, con m\u00e1s de 30 a\u00f1os de experiencia en consultor\u00eda de negocios para peque\u00f1as y medianas empresas, y est\u00e1 registrada como Enrolled Agent ante el IRS, esta es la credencial de m\u00e1s alto nivel que otorga este organismo.<\/p>\n\n\n\n<p class=\"gb-headline gb-headline-6998b80c gb-headline-text\">Es fundadora y presidenta de la organizaci\u00f3n sin fines de lucro Venezuelan American Alliance (VAA).<\/p>\n\n\n\n<p class=\"gb-headline gb-headline-8051c448 gb-headline-text\">Ha sido colaboradora de Telemundo, Univision, CNN en Espa\u00f1ol y PBS como experta en materia de peque\u00f1as empresas, impuestos y emprendimiento. Tambi\u00e9n es miembro fundador y ex presidenta de la organizaci\u00f3n sin fines de lucro del Sur de la Florida, Mujeres Latinas Impulsando Mujeres Latinas.<\/p>\n\n\n\n<p class=\"gb-headline gb-headline-edd2944f gb-headline-text\">Siendo empresaria natural, el compromiso de Maria Antonietta con el progreso y el \u00e9xito del emprendedor latinoamericano es la inspiraci\u00f3n constante y la fuerza impulsora detr\u00e1s de su ilimitada energ\u00e9tica personalidad.<\/p>\n\n<\/div><\/div>\n\n<div class=\"gb-grid-column gb-grid-column-7d07cd37\"><div class=\"gb-container gb-container-7d07cd37\">\n<div class=\"gb-container gb-container-95cd4c8b\">\n\n<figure class=\"gb-block-image gb-block-image-2c1a075c\"><img loading=\"lazy\" decoding=\"async\" width=\"1080\" height=\"1620\" class=\"gb-image gb-image-2c1a075c\" src=\"https:\/\/gbsgroup.net\/wp-content\/uploads\/2024\/09\/GBS-93-scaled-1.webp\" alt=\"\" title=\"GBS-93-scaled\" srcset=\"https:\/\/gbsgroup.net\/wp-content\/uploads\/2024\/09\/GBS-93-scaled-1.webp 1080w, https:\/\/gbsgroup.net\/wp-content\/uploads\/2024\/09\/GBS-93-scaled-1-200x300.webp 200w, https:\/\/gbsgroup.net\/wp-content\/uploads\/2024\/09\/GBS-93-scaled-1-683x1024.webp 683w, https:\/\/gbsgroup.net\/wp-content\/uploads\/2024\/09\/GBS-93-scaled-1-768x1152.webp 768w, https:\/\/gbsgroup.net\/wp-content\/uploads\/2024\/09\/GBS-93-scaled-1-1024x1536.webp 1024w\" sizes=\"auto, (max-width: 1080px) 100vw, 1080px\" \/><\/figure>\n\n<\/div>\n\n<div class=\"gb-container gb-container-105e82fb\">\n\n<h3 class=\"gb-headline gb-headline-a1f53fc3 gb-headline-text\">Jorge Fernandez Sr.<\/h3>\n\n\n\n<p class=\"gb-headline gb-headline-52fa094c gb-headline-text\">Fundador \/ COO<\/p>\n\n\n<div class=\"gb-container gb-container-f1ac1c21\"><a class=\"gb-container-link\" href=\"https:\/\/www.linkedin.com\/in\/jorgeefernandez\/\" rel=\"noopener noreferrer\" target=\"_blank\"><\/a>\n\n<div class=\"gb-headline gb-headline-fe8573e4\"><span class=\"gb-icon\"><svg aria-hidden=\"true\" role=\"img\" height=\"1em\" width=\"1em\" viewBox=\"0 0 448 512\" xmlns=\"http:\/\/www.w3.org\/2000\/svg\"><path fill=\"currentColor\" d=\"M100.28 448H7.4V148.9h92.88zM53.79 108.1C24.09 108.1 0 83.5 0 53.8a53.79 53.79 0 0 1 107.58 0c0 29.7-24.1 54.3-53.79 54.3zM447.9 448h-92.68V302.4c0-34.7-.7-79.2-48.29-79.2-48.29 0-55.69 37.7-55.69 76.7V448h-92.78V148.9h89.08v40.8h1.3c12.4-23.5 42.69-48.3 87.88-48.3 94 0 111.28 61.9 111.28 142.3V448z\"><\/path><\/svg><\/span><\/div>\n\n<\/div>\n<\/div>\n\n\n<p class=\"gb-headline gb-headline-8a55cfc0 gb-headline-text\">Jorge Fern\u00e1ndez es un emprendedor experimentado y consultor de negocios. Es el director de operaciones de GBS Group, un grupo de empresas especializadas en consultor\u00eda de arranque de negocios, asesor\u00eda financiera y tributaria, y gesti\u00f3n comercial.<\/p>\n\n\n\n<p class=\"gb-headline gb-headline-0c9d9207 gb-headline-text\">Jorge Sr. tiene una Licenciatura en Ingenier\u00eda de Materiales y una Maestr\u00eda en Administraci\u00f3n de Negocios Internacionales, y m\u00e1s de 30 a\u00f1os de experiencia en operaciones comerciales y administraci\u00f3n.<\/p>\n\n\n\n<p class=\"gb-headline gb-headline-5862f07e gb-headline-text\">El enfoque anal\u00edtico del Sr. Fern\u00e1ndez para las operaciones comerciales ha sido un elemento diferencial en el \u00e9xito detr\u00e1s de GBS Group y de muchas otras peque\u00f1as y medianas empresas dentro de la clientela de nuestra firma.<\/p>\n\n<\/div><\/div>\n<\/div>\n<\/div>\n<\/div>\n\n<div class=\"gb-container gb-container-370fd7b4\">\n<div class=\"gb-container gb-container-018ea302\">\n<div class=\"gb-container gb-container-1f0a05a1\">\n\n<h2 class=\"gb-headline gb-headline-2e19262c gb-headline-text\">Menciones<\/h2>\n\n\n<div class=\"gb-container gb-container-31fc5d16\">\n\n<figure class=\"gb-block-image gb-block-image-e347d0d9\"><img loading=\"lazy\" decoding=\"async\" width=\"382\" height=\"138\" class=\"gb-image gb-image-e347d0d9\" src=\"https:\/\/gbsgroup.net\/wp-content\/uploads\/2024\/09\/GBS_Mentions-logos.webp\" alt=\"\" title=\"GBS_Mentions-logos\" srcset=\"https:\/\/gbsgroup.net\/wp-content\/uploads\/2024\/09\/GBS_Mentions-logos.webp 382w, https:\/\/gbsgroup.net\/wp-content\/uploads\/2024\/09\/GBS_Mentions-logos-300x108.webp 300w\" sizes=\"auto, (max-width: 382px) 100vw, 382px\" \/><\/figure>\n\n<\/div>\n<\/div>\n\n<div class=\"gb-container gb-container-5c371efa\">\n\n<h2 class=\"gb-headline gb-headline-4cce26f3 gb-headline-text\">Alianzas y Certificaciones<\/h2>\n\n\n<div class=\"gb-container gb-container-a231494c\">\n<div class=\"gb-container gb-container-087c234c\">\n\n<figure class=\"gb-block-image gb-block-image-59e98d8a\"><img loading=\"lazy\" decoding=\"async\" width=\"200\" height=\"200\" class=\"gb-image gb-image-59e98d8a\" src=\"https:\/\/gbsgroup.net\/wp-content\/uploads\/2024\/09\/xero-partner.webp\" alt=\"\" title=\"xero-partner\" srcset=\"https:\/\/gbsgroup.net\/wp-content\/uploads\/2024\/09\/xero-partner.webp 200w, https:\/\/gbsgroup.net\/wp-content\/uploads\/2024\/09\/xero-partner-150x150.webp 150w\" sizes=\"auto, (max-width: 200px) 100vw, 200px\" \/><\/figure>\n\n<\/div>\n\n<div class=\"gb-container gb-container-e0695499\">\n\n<figure class=\"gb-block-image gb-block-image-0b333101\"><img loading=\"lazy\" decoding=\"async\" width=\"200\" height=\"200\" class=\"gb-image gb-image-0b333101\" src=\"https:\/\/gbsgroup.net\/wp-content\/uploads\/2024\/09\/eb5-accountant-badge.webp\" alt=\"\" title=\"eb5-accountant-badge\" srcset=\"https:\/\/gbsgroup.net\/wp-content\/uploads\/2024\/09\/eb5-accountant-badge.webp 200w, https:\/\/gbsgroup.net\/wp-content\/uploads\/2024\/09\/eb5-accountant-badge-150x150.webp 150w\" sizes=\"auto, (max-width: 200px) 100vw, 200px\" \/><\/figure>\n\n<\/div>\n\n<div class=\"gb-container gb-container-6f2588cc\">\n\n<figure class=\"gb-block-image gb-block-image-699c8a50\"><img loading=\"lazy\" decoding=\"async\" width=\"200\" height=\"200\" class=\"gb-image gb-image-699c8a50\" src=\"https:\/\/gbsgroup.net\/wp-content\/uploads\/2024\/09\/adp-partner.webp\" alt=\"\" title=\"adp-partner\" srcset=\"https:\/\/gbsgroup.net\/wp-content\/uploads\/2024\/09\/adp-partner.webp 200w, https:\/\/gbsgroup.net\/wp-content\/uploads\/2024\/09\/adp-partner-150x150.webp 150w\" sizes=\"auto, (max-width: 200px) 100vw, 200px\" \/><\/figure>\n\n<\/div>\n\n<div class=\"gb-container gb-container-7b3f7d19\">\n\n<figure class=\"gb-block-image gb-block-image-79584d34\"><img loading=\"lazy\" decoding=\"async\" width=\"200\" height=\"200\" class=\"gb-image gb-image-79584d34\" src=\"https:\/\/gbsgroup.net\/wp-content\/uploads\/2024\/09\/intuit-partner.webp\" alt=\"\" title=\"intuit-partner\" srcset=\"https:\/\/gbsgroup.net\/wp-content\/uploads\/2024\/09\/intuit-partner.webp 200w, https:\/\/gbsgroup.net\/wp-content\/uploads\/2024\/09\/intuit-partner-150x150.webp 150w\" sizes=\"auto, (max-width: 200px) 100vw, 200px\" \/><\/figure>\n\n<\/div>\n\n<div class=\"gb-container gb-container-1bde7089\">\n\n<figure class=\"gb-block-image gb-block-image-9d9d7eb1\"><img loading=\"lazy\" decoding=\"async\" width=\"500\" height=\"396\" class=\"gb-image gb-image-9d9d7eb1\" src=\"https:\/\/gbsgroup.net\/wp-content\/uploads\/2024\/09\/gusto-bronze-partner.webp\" alt=\"\" title=\"gusto-bronze-partner\" srcset=\"https:\/\/gbsgroup.net\/wp-content\/uploads\/2024\/09\/gusto-bronze-partner.webp 500w, https:\/\/gbsgroup.net\/wp-content\/uploads\/2024\/09\/gusto-bronze-partner-300x238.webp 300w\" sizes=\"auto, (max-width: 500px) 100vw, 500px\" \/><\/figure>\n\n<\/div>\n\n<div class=\"gb-container gb-container-fda7545d\">\n\n<figure class=\"gb-block-image gb-block-image-86fdde84\"><img loading=\"lazy\" decoding=\"async\" width=\"225\" height=\"225\" class=\"gb-image gb-image-86fdde84\" src=\"https:\/\/gbsgroup.net\/wp-content\/uploads\/2024\/09\/irs-agent.webp\" alt=\"\" title=\"irs-agent\" srcset=\"https:\/\/gbsgroup.net\/wp-content\/uploads\/2024\/09\/irs-agent.webp 225w, https:\/\/gbsgroup.net\/wp-content\/uploads\/2024\/09\/irs-agent-150x150.webp 150w\" sizes=\"auto, (max-width: 225px) 100vw, 225px\" \/><\/figure>\n\n<\/div>\n\n<div class=\"gb-container gb-container-1ed197cd\">\n\n<figure class=\"gb-block-image gb-block-image-afd4f70c\"><img loading=\"lazy\" decoding=\"async\" width=\"200\" height=\"200\" class=\"gb-image gb-image-afd4f70c\" src=\"https:\/\/gbsgroup.net\/wp-content\/uploads\/2024\/09\/shrm-partner.webp\" alt=\"\" title=\"shrm-partner\" srcset=\"https:\/\/gbsgroup.net\/wp-content\/uploads\/2024\/09\/shrm-partner.webp 200w, https:\/\/gbsgroup.net\/wp-content\/uploads\/2024\/09\/shrm-partner-150x150.webp 150w\" sizes=\"auto, (max-width: 200px) 100vw, 200px\" \/><\/figure>\n\n<\/div>\n<\/div>\n<\/div>\n<\/div>\n<\/div>","protected":false},"excerpt":{"rendered":"<p>Quienes Somos Soluciones integrales para negocios locales y globales Directiva Menciones Alianzas y Certificaciones<\/p>\n","protected":false},"author":2,"featured_media":0,"parent":0,"menu_order":0,"comment_status":"closed","ping_status":"closed","template":"","meta":{"content-type":"","inline_featured_image":false,"footnotes":""},"class_list":["post-3260","page","type-page","status-publish"],"_links":{"self":[{"href":"https:\/\/gbsgroup.net\/es\/wp-json\/wp\/v2\/pages\/3260","targetHints":{"allow":["GET"]}}],"collection":[{"href":"https:\/\/gbsgroup.net\/es\/wp-json\/wp\/v2\/pages"}],"about":[{"href":"https:\/\/gbsgroup.net\/es\/wp-json\/wp\/v2\/types\/page"}],"author":[{"embeddable":true,"href":"https:\/\/gbsgroup.net\/es\/wp-json\/wp\/v2\/users\/2"}],"replies":[{"embeddable":true,"href":"https:\/\/gbsgroup.net\/es\/wp-json\/wp\/v2\/comments?post=3260"}],"version-history":[{"count":0,"href":"https:\/\/gbsgroup.net\/es\/wp-json\/wp\/v2\/pages\/3260\/revisions"}],"wp:attachment":[{"href":"https:\/\/gbsgroup.net\/es\/wp-json\/wp\/v2\/media?parent=3260"}],"curies":[{"name":"wp","href":"https:\/\/api.w.org\/{rel}","templated":true}]}}