{"id":3235,"date":"2024-08-30T13:24:25","date_gmt":"2024-08-30T13:24:25","guid":{"rendered":"https:\/\/gbsgroup.net\/?page_id=3235"},"modified":"2024-09-07T13:34:06","modified_gmt":"2024-09-07T13:34:06","slug":"carreras","status":"publish","type":"page","link":"https:\/\/gbsgroup.net\/es\/carreras\/","title":{"rendered":"Trabaje con Nosotros"},"content":{"rendered":"<div class=\"gb-container gb-container-1e78c7fb\">\n<div class=\"gb-container gb-container-1d9713c0\">\n<h1 class=\"gb-headline gb-headline-9320ad21 gb-headline-text\">Trabaje con Nosotros<\/h1>\n\n\n<h4 class=\"gb-headline gb-headline-74ea11a1 gb-headline-text\">SERVICIOS INTEGRALES PARA EMPRENDEDORES Y EJECUTIVOS<\/h4>\n\n<\/div>\n<\/div>\n\n<div class=\"gb-container gb-container-4dd749d5\">\n<div class=\"gb-container gb-container-623d272e\">\n<div class=\"gb-container gb-container-a08e3fc4\">\n\n<h2 class=\"gb-headline gb-headline-a79568be gb-headline-text\">\u00bfPOR QU\u00c9 TRABAJAR CON NOSOTROS?<\/h2>\n\n\n\n<p style=\"font-size:20px\">Ofrecemos oportunidades profesionales en una amplia gama de campos, desde contabilidad e impuestos hasta analistas de reubicaci\u00f3n que trabajan en estrecha colaboraci\u00f3n con abogados y empresas, en un ambiente relajado y amigable con salarios y beneficios competitivos.<\/p>\n\n\n\n<p class=\"gb-headline gb-headline-2d3f105f gb-headline-text\">Adem\u00e1s, GBS Group ha sido seleccionada como una de las 100 mejores compa\u00f1\u00edas para trabajar en Florida por la revista Florida Trend, destacando la flexibilidad de trabajar desde casa y la transparencia econ\u00f3mica de la compa\u00f1\u00eda.<\/p>\n\n\n\n<h3 class=\"wp-block-heading\"><strong>Trabajar en GBS Group<\/strong><\/h3>\n\n\n\n<p style=\"font-size:20px\">At GBS Group we partner with our clients to help them build better businesses. We accomplish this goal by providing integrated business solutions to small and medium-sized businesses.<\/p>\n\n\n\n<p style=\"font-size:20px\">Our clients\u2019 success is our success. Want to join our team? Take a look at the positions we\u2019re hiring for below!<\/p>\n\n<\/div>\n\n<div class=\"gb-container gb-container-6f5599d5\">\n\n<figure class=\"gb-block-image gb-block-image-a813e169\"><img loading=\"lazy\" decoding=\"async\" width=\"300\" height=\"300\" class=\"gb-image gb-image-a813e169\" src=\"https:\/\/gbsgroup.net\/wp-content\/uploads\/2024\/08\/Best_Companies_Logo_2021.webp\" alt=\"\" title=\"Best_Companies_Logo_2021\" srcset=\"https:\/\/gbsgroup.net\/wp-content\/uploads\/2024\/08\/Best_Companies_Logo_2021.webp 300w, https:\/\/gbsgroup.net\/wp-content\/uploads\/2024\/08\/Best_Companies_Logo_2021-150x150.webp 150w\" sizes=\"auto, (max-width: 300px) 100vw, 300px\" \/><\/figure>\n\n<\/div>\n<\/div>\n\n<div class=\"gb-container gb-container-cea60f7b\">\n<div class=\"gb-container gb-container-1ab31815\">\n<div class=\"gb-container gb-container-cf2f7e3b\">\n\n<div id=\"BambooHR\" data-domain=\"gbsgroup.bamboohr.com\" data-version=\"1.0.0\" data-departmentid=\"\">&nbsp;<\/div><script src=\"https:\/\/gbsgroup.bamboohr.com\/js\/embed.js\" type=\"text\/javascript\" async=\"\" defer=\"\"><\/script>\n\n<\/div>\n<\/div>\n<\/div>\n<\/div>\n\n<div class=\"gb-container gb-container-6e7b5cbf\">\n<div class=\"gb-container gb-container-5ebad284\">\n<div class=\"gb-grid-wrapper gb-grid-wrapper-9a09aa76\">\n<div class=\"gb-grid-column gb-grid-column-b17a7b03\"><div class=\"gb-container gb-container-b17a7b03\">\n<div class=\"gb-container gb-container-bde522fe\">\n\n<figure class=\"gb-block-image gb-block-image-01877613\"><img loading=\"lazy\" decoding=\"async\" width=\"88\" height=\"40\" class=\"gb-image gb-image-01877613\" src=\"https:\/\/gbsgroup.net\/wp-content\/uploads\/2024\/08\/StyleColor.svg\" alt=\"\" title=\"Style=Color\"\/><\/figure>\n\n<\/div>\n<\/div><\/div>\n\n<div class=\"gb-grid-column gb-grid-column-d624a8c8\"><div class=\"gb-container gb-container-d624a8c8\">\n<div class=\"gb-container gb-container-6135621a\">\n\n<p class=\"gb-headline gb-headline-96aceaae gb-headline-text\"><strong>HEMOS ESTADO EN<\/strong><\/p>\n\n\n\n<figure class=\"gb-block-image gb-block-image-da6f8c0d\"><img loading=\"lazy\" decoding=\"async\" width=\"317\" height=\"74\" class=\"gb-image gb-image-da6f8c0d\" src=\"https:\/\/gbsgroup.net\/wp-content\/uploads\/2024\/08\/featured_logos_footer.webp\" alt=\"\" title=\"featured_logos_footer\" srcset=\"https:\/\/gbsgroup.net\/wp-content\/uploads\/2024\/08\/featured_logos_footer.webp 317w, https:\/\/gbsgroup.net\/wp-content\/uploads\/2024\/08\/featured_logos_footer-300x70.webp 300w\" sizes=\"auto, (max-width: 317px) 100vw, 317px\" \/><\/figure>\n\n<\/div>\n<\/div><\/div>\n\n<div class=\"gb-grid-column gb-grid-column-fa596f75\"><div class=\"gb-container gb-container-fa596f75\">\n<div class=\"gb-container gb-container-edfe8e19\">\n\n<p class=\"gb-headline gb-headline-c25c2f11 gb-headline-text\"><strong>\u0421ontactO<\/strong><\/p>\n\n\n<div class=\"gb-container gb-container-27ef62a4\">\n\n<p class=\"gb-headline gb-headline-8c933e4d gb-headline-text\">Telefono:<\/p>\n\n\n\n<p class=\"gb-headline gb-headline-f86d0ecc gb-headline-text blog_author_link\"><a href=\"tel:8553968877\" target=\"_blank\" rel=\"noreferrer noopener\">+1 (855) 396-8873<\/a><\/p>\n\n<\/div>\n\n<div class=\"gb-container gb-container-7300ce2e\">\n\n<p class=\"gb-headline gb-headline-ed123631 gb-headline-text\">Email:<\/p>\n\n\n\n<p class=\"gb-headline gb-headline-ce2e6643 gb-headline-text blog_author_link\"><a href=\"mailto:info@gbsgroup.net\" target=\"_blank\" rel=\"noreferrer noopener\">info@gbsgroup.net<\/a><\/p>\n\n<\/div>\n<\/div>\n<\/div><\/div>\n<\/div>\n<\/div>\n<\/div>","protected":false},"excerpt":{"rendered":"<p>Trabaje con Nosotros SERVICIOS INTEGRALES PARA EMPRENDEDORES Y EJECUTIVOS \u00bfPOR QU\u00c9 TRABAJAR CON NOSOTROS? Ofrecemos oportunidades profesionales en una amplia gama de campos, desde contabilidad e impuestos hasta analistas de reubicaci\u00f3n que trabajan en estrecha colaboraci\u00f3n con abogados y empresas, en un ambiente relajado y amigable con salarios y beneficios competitivos. Adem\u00e1s, GBS Group ha &#8230; <a title=\"Trabaje con Nosotros\" class=\"read-more\" href=\"https:\/\/gbsgroup.net\/es\/carreras\/\" aria-label=\"Leer m\u00e1s sobre Trabaje con Nosotros\">Leer m\u00e1s<\/a><\/p>\n","protected":false},"author":2,"featured_media":0,"parent":0,"menu_order":0,"comment_status":"closed","ping_status":"closed","template":"","meta":{"content-type":"","inline_featured_image":false,"footnotes":""},"class_list":["post-3235","page","type-page","status-publish"],"_links":{"self":[{"href":"https:\/\/gbsgroup.net\/es\/wp-json\/wp\/v2\/pages\/3235","targetHints":{"allow":["GET"]}}],"collection":[{"href":"https:\/\/gbsgroup.net\/es\/wp-json\/wp\/v2\/pages"}],"about":[{"href":"https:\/\/gbsgroup.net\/es\/wp-json\/wp\/v2\/types\/page"}],"author":[{"embeddable":true,"href":"https:\/\/gbsgroup.net\/es\/wp-json\/wp\/v2\/users\/2"}],"replies":[{"embeddable":true,"href":"https:\/\/gbsgroup.net\/es\/wp-json\/wp\/v2\/comments?post=3235"}],"version-history":[{"count":0,"href":"https:\/\/gbsgroup.net\/es\/wp-json\/wp\/v2\/pages\/3235\/revisions"}],"wp:attachment":[{"href":"https:\/\/gbsgroup.net\/es\/wp-json\/wp\/v2\/media?parent=3235"}],"curies":[{"name":"wp","href":"https:\/\/api.w.org\/{rel}","templated":true}]}}